{"id":632758,"date":"2025-10-22T14:48:19","date_gmt":"2025-10-22T14:48:19","guid":{"rendered":"https:\/\/aukinkochile.com\/web\/producto\/pelota-orbital-intermitente\/"},"modified":"2025-10-22T14:53:53","modified_gmt":"2025-10-22T14:53:53","slug":"pelota-orbital-intermitente","status":"publish","type":"product","link":"https:\/\/aukinkochile.com\/web\/producto\/pelota-orbital-intermitente\/","title":{"rendered":"Pelota Orbital Intermitente"},"content":{"rendered":"<p>Divertida pelota con luces intermitentes que se activan durante 10\u00a0a\u00a015\u00a0segundos con cada rebote. Dise\u00f1o transl\u00facido de bandas. Bola de 7 cm. Usa tu imaginaci\u00f3n para horas de diversi\u00f3n.<\/p>\n<p><p><strong>Material : <\/strong> Goma<\/p>\n<p><strong>C\u00f3digo Aukinko : <\/strong> 11-22691<\/p>\n<p><strong>C\u00f3digo Convenio Marco : <\/strong> x<\/p>\n","protected":false},"excerpt":{"rendered":"<p>Divertida pelota con luces intermitentes que se activan durante 10\u00a0a\u00a015\u00a0segundos con cada rebote. Dise\u00f1o transl\u00facido de bandas. Bola de 7 cm. Usa tu imaginaci\u00f3n para horas de diversi\u00f3n. Material : Goma C\u00f3digo Aukinko : 11-22691 C\u00f3digo Convenio Marco : x<\/p>\n","protected":false},"featured_media":632757,"comment_status":"open","ping_status":"closed","template":"","meta":{"_et_pb_use_builder":"","_et_pb_old_content":"","_et_gb_content_width":""},"product_brand":[],"product_cat":[1005,148,18],"product_tag":[],"class_list":{"0":"post-632758","1":"product","2":"type-product","3":"status-publish","4":"has-post-thumbnail","6":"product_cat-accesorios-patio","7":"product_cat-deportes","8":"product_cat-motricidad-gruesa","9":"pa_edad-10-anos","10":"pa_edad-5-a-6-anos","11":"pa_edad-6-a-8-anos","12":"pa_edad-8-a-10-anos","13":"pa_marca-toysmith","14":"pa_medidas-7-cm","16":"first","17":"instock","18":"shipping-taxable","19":"purchasable","20":"product-type-simple"},"aioseo_notices":[],"_links":{"self":[{"href":"https:\/\/aukinkochile.com\/web\/wp-json\/wp\/v2\/product\/632758","targetHints":{"allow":["GET"]}}],"collection":[{"href":"https:\/\/aukinkochile.com\/web\/wp-json\/wp\/v2\/product"}],"about":[{"href":"https:\/\/aukinkochile.com\/web\/wp-json\/wp\/v2\/types\/product"}],"replies":[{"embeddable":true,"href":"https:\/\/aukinkochile.com\/web\/wp-json\/wp\/v2\/comments?post=632758"}],"wp:featuredmedia":[{"embeddable":true,"href":"https:\/\/aukinkochile.com\/web\/wp-json\/wp\/v2\/media\/632757"}],"wp:attachment":[{"href":"https:\/\/aukinkochile.com\/web\/wp-json\/wp\/v2\/media?parent=632758"}],"wp:term":[{"taxonomy":"product_brand","embeddable":true,"href":"https:\/\/aukinkochile.com\/web\/wp-json\/wp\/v2\/product_brand?post=632758"},{"taxonomy":"product_cat","embeddable":true,"href":"https:\/\/aukinkochile.com\/web\/wp-json\/wp\/v2\/product_cat?post=632758"},{"taxonomy":"product_tag","embeddable":true,"href":"https:\/\/aukinkochile.com\/web\/wp-json\/wp\/v2\/product_tag?post=632758"}],"curies":[{"name":"wp","href":"https:\/\/api.w.org\/{rel}","templated":true}]}}