{"id":632752,"date":"2025-10-22T14:48:07","date_gmt":"2025-10-22T14:48:07","guid":{"rendered":"https:\/\/aukinkochile.com\/web\/producto\/caleidoscopio-mapamundi-antiguo-c-u\/"},"modified":"2025-10-22T14:53:47","modified_gmt":"2025-10-22T14:53:47","slug":"caleidoscopio-mapamundi-antiguo-c-u","status":"publish","type":"product","link":"https:\/\/aukinkochile.com\/web\/producto\/caleidoscopio-mapamundi-antiguo-c-u\/","title":{"rendered":"Caleidoscopio Mapamundi Antiguo c\/u"},"content":{"rendered":"<p>Caleidoscopios de alta calidad. Preciosas cuentas con espejo de prisma permiten visiones alucinantes y coloridas. 3 modelos surtidos diferentes con papel de mapas de el mundo. Precio por unidad.<\/p>\n<p><p><strong>Material : <\/strong> Cart\u00f3n Duro<\/p>\n<p><strong>C\u00f3digo Aukinko : <\/strong> 11-22315<\/p>\n<p><strong>C\u00f3digo Convenio Marco : <\/strong> x<\/p>\n","protected":false},"excerpt":{"rendered":"<p>Caleidoscopios de alta calidad. Preciosas cuentas con espejo de prisma permiten visiones alucinantes y coloridas. 3 modelos surtidos diferentes con papel de mapas de el mundo. Precio por unidad. Material : Cart\u00f3n Duro C\u00f3digo Aukinko : 11-22315 C\u00f3digo Convenio Marco : x<\/p>\n","protected":false},"featured_media":632751,"comment_status":"open","ping_status":"closed","template":"","meta":{"_et_pb_use_builder":"","_et_pb_old_content":"","_et_gb_content_width":""},"product_brand":[],"product_cat":[21],"product_tag":[],"class_list":{"0":"post-632752","1":"product","2":"type-product","3":"status-publish","4":"has-post-thumbnail","6":"product_cat-arte-y-manipulacion","7":"pa_edad-10-anos","8":"pa_edad-4-a-5-anos","9":"pa_edad-5-a-6-anos","10":"pa_edad-6-a-8-anos","11":"pa_edad-8-a-10-anos","12":"pa_marca-toysmith","13":"pa_medidas-4320","14":"pa_medidas-5-cm","16":"first","17":"instock","18":"shipping-taxable","19":"purchasable","20":"product-type-simple"},"aioseo_notices":[],"_links":{"self":[{"href":"https:\/\/aukinkochile.com\/web\/wp-json\/wp\/v2\/product\/632752","targetHints":{"allow":["GET"]}}],"collection":[{"href":"https:\/\/aukinkochile.com\/web\/wp-json\/wp\/v2\/product"}],"about":[{"href":"https:\/\/aukinkochile.com\/web\/wp-json\/wp\/v2\/types\/product"}],"replies":[{"embeddable":true,"href":"https:\/\/aukinkochile.com\/web\/wp-json\/wp\/v2\/comments?post=632752"}],"wp:featuredmedia":[{"embeddable":true,"href":"https:\/\/aukinkochile.com\/web\/wp-json\/wp\/v2\/media\/632751"}],"wp:attachment":[{"href":"https:\/\/aukinkochile.com\/web\/wp-json\/wp\/v2\/media?parent=632752"}],"wp:term":[{"taxonomy":"product_brand","embeddable":true,"href":"https:\/\/aukinkochile.com\/web\/wp-json\/wp\/v2\/product_brand?post=632752"},{"taxonomy":"product_cat","embeddable":true,"href":"https:\/\/aukinkochile.com\/web\/wp-json\/wp\/v2\/product_cat?post=632752"},{"taxonomy":"product_tag","embeddable":true,"href":"https:\/\/aukinkochile.com\/web\/wp-json\/wp\/v2\/product_tag?post=632752"}],"curies":[{"name":"wp","href":"https:\/\/api.w.org\/{rel}","templated":true}]}}