{"id":632750,"date":"2025-10-22T14:48:04","date_gmt":"2025-10-22T14:48:04","guid":{"rendered":"https:\/\/aukinkochile.com\/web\/producto\/juego-kendama-fade-out-c-u\/"},"modified":"2025-10-22T14:53:47","modified_gmt":"2025-10-22T14:53:47","slug":"juego-kendama-fade-out-c-u","status":"publish","type":"product","link":"https:\/\/aukinkochile.com\/web\/producto\/juego-kendama-fade-out-c-u\/","title":{"rendered":"Juego Kendama Fade Out c\/u"},"content":{"rendered":"<p>Este divertido juego tradicional japon\u00e9s ser\u00e1 ideal para que jueguen grandes y chicos. Un juego que estimula la coordinaci\u00f3n mano-ojo. Tiene aproximadamente 17 cm. Colores surtidos. Precio por unidad.<\/p>\n<p><p><strong>Material : <\/strong> Madera<\/p>\n<p><strong>C\u00f3digo Aukinko : <\/strong> 11-22014<\/p>\n<p><strong>C\u00f3digo Convenio Marco : <\/strong> x<\/p>\n","protected":false},"excerpt":{"rendered":"<p>Este divertido juego tradicional japon\u00e9s ser\u00e1 ideal para que jueguen grandes y chicos. Un juego que estimula la coordinaci\u00f3n mano-ojo. Tiene aproximadamente 17 cm. Colores surtidos. Precio por unidad. Material : Madera C\u00f3digo Aukinko : 11-22014 C\u00f3digo Convenio Marco : x<\/p>\n","protected":false},"featured_media":623239,"comment_status":"open","ping_status":"closed","template":"","meta":{"_et_pb_use_builder":"","_et_pb_old_content":"","_et_gb_content_width":""},"product_brand":[],"product_cat":[1005,18],"product_tag":[],"class_list":{"0":"post-632750","1":"product","2":"type-product","3":"status-publish","4":"has-post-thumbnail","6":"product_cat-accesorios-patio","7":"product_cat-motricidad-gruesa","8":"pa_edad-10-anos","9":"pa_edad-8-a-10-anos","10":"pa_marca-toysmith","11":"pa_medidas-4453","12":"pa_medidas-5-x-4","13":"pa_medidas-5-x-9","15":"first","16":"instock","17":"shipping-taxable","18":"purchasable","19":"product-type-simple"},"aioseo_notices":[],"_links":{"self":[{"href":"https:\/\/aukinkochile.com\/web\/wp-json\/wp\/v2\/product\/632750","targetHints":{"allow":["GET"]}}],"collection":[{"href":"https:\/\/aukinkochile.com\/web\/wp-json\/wp\/v2\/product"}],"about":[{"href":"https:\/\/aukinkochile.com\/web\/wp-json\/wp\/v2\/types\/product"}],"replies":[{"embeddable":true,"href":"https:\/\/aukinkochile.com\/web\/wp-json\/wp\/v2\/comments?post=632750"}],"wp:featuredmedia":[{"embeddable":true,"href":"https:\/\/aukinkochile.com\/web\/wp-json\/wp\/v2\/media\/623239"}],"wp:attachment":[{"href":"https:\/\/aukinkochile.com\/web\/wp-json\/wp\/v2\/media?parent=632750"}],"wp:term":[{"taxonomy":"product_brand","embeddable":true,"href":"https:\/\/aukinkochile.com\/web\/wp-json\/wp\/v2\/product_brand?post=632750"},{"taxonomy":"product_cat","embeddable":true,"href":"https:\/\/aukinkochile.com\/web\/wp-json\/wp\/v2\/product_cat?post=632750"},{"taxonomy":"product_tag","embeddable":true,"href":"https:\/\/aukinkochile.com\/web\/wp-json\/wp\/v2\/product_tag?post=632750"}],"curies":[{"name":"wp","href":"https:\/\/api.w.org\/{rel}","templated":true}]}}