{"id":632747,"date":"2025-10-22T14:47:54","date_gmt":"2025-10-22T14:47:54","guid":{"rendered":"https:\/\/aukinkochile.com\/web\/producto\/walkie-talkie\/"},"modified":"2025-10-22T14:57:01","modified_gmt":"2025-10-22T14:57:01","slug":"walkie-talkie","status":"publish","type":"product","link":"https:\/\/aukinkochile.com\/web\/producto\/walkie-talkie\/","title":{"rendered":"Walkie Talkie"},"content":{"rendered":"<p>entretenido para de walkie talkies con control de volumen y 2 pilas (no incluidas)tiene antena flexible y puede enviar y recibir c\u00f3digo morse. Cada walkie talkies de 11,4 cm.<\/p>\n<p><strong>Material : <\/strong> Pl\u00e1stico<\/p>\n<p><strong>C\u00f3digo Aukinko : <\/strong> 11-21534<\/p>\n<p><strong>C\u00f3digo Convenio Marco : <\/strong> x<\/p>\n","protected":false},"excerpt":{"rendered":"<p>entretenido para de walkie talkies con control de volumen y 2 pilas (no incluidas)tiene antena flexible y puede enviar y recibir c\u00f3digo morse. Cada walkie talkies de 11,4 cm. Material : Pl\u00e1stico C\u00f3digo Aukinko : 11-21534 C\u00f3digo Convenio Marco : x<\/p>\n","protected":false},"featured_media":632841,"comment_status":"open","ping_status":"closed","template":"","meta":{"_et_pb_use_builder":"","_et_pb_old_content":"","_et_gb_content_width":""},"product_brand":[],"product_cat":[92,17],"product_tag":[],"class_list":{"0":"post-632747","1":"product","2":"type-product","3":"status-publish","4":"has-post-thumbnail","6":"product_cat-ciencias","7":"product_cat-juegos-de-rol","8":"pa_edad-10-anos","9":"pa_edad-6-a-8-anos","10":"pa_edad-8-a-10-anos","11":"pa_marca-toysmith","12":"pa_medidas-3-x-14-cm","13":"pa_medidas-5-x-8","15":"first","16":"instock","17":"shipping-taxable","18":"purchasable","19":"product-type-simple"},"aioseo_notices":[],"_links":{"self":[{"href":"https:\/\/aukinkochile.com\/web\/wp-json\/wp\/v2\/product\/632747","targetHints":{"allow":["GET"]}}],"collection":[{"href":"https:\/\/aukinkochile.com\/web\/wp-json\/wp\/v2\/product"}],"about":[{"href":"https:\/\/aukinkochile.com\/web\/wp-json\/wp\/v2\/types\/product"}],"replies":[{"embeddable":true,"href":"https:\/\/aukinkochile.com\/web\/wp-json\/wp\/v2\/comments?post=632747"}],"wp:featuredmedia":[{"embeddable":true,"href":"https:\/\/aukinkochile.com\/web\/wp-json\/wp\/v2\/media\/632841"}],"wp:attachment":[{"href":"https:\/\/aukinkochile.com\/web\/wp-json\/wp\/v2\/media?parent=632747"}],"wp:term":[{"taxonomy":"product_brand","embeddable":true,"href":"https:\/\/aukinkochile.com\/web\/wp-json\/wp\/v2\/product_brand?post=632747"},{"taxonomy":"product_cat","embeddable":true,"href":"https:\/\/aukinkochile.com\/web\/wp-json\/wp\/v2\/product_cat?post=632747"},{"taxonomy":"product_tag","embeddable":true,"href":"https:\/\/aukinkochile.com\/web\/wp-json\/wp\/v2\/product_tag?post=632747"}],"curies":[{"name":"wp","href":"https:\/\/api.w.org\/{rel}","templated":true}]}}