{"id":632746,"date":"2025-10-22T14:47:52","date_gmt":"2025-10-22T14:47:52","guid":{"rendered":"https:\/\/aukinkochile.com\/web\/producto\/tiro-al-blanco-con-pelotas\/"},"modified":"2025-10-22T14:53:41","modified_gmt":"2025-10-22T14:53:41","slug":"tiro-al-blanco-con-pelotas","status":"publish","type":"product","link":"https:\/\/aukinkochile.com\/web\/producto\/tiro-al-blanco-con-pelotas\/","title":{"rendered":"Tiro Al Blanco con Pelotas"},"content":{"rendered":"<p>Este divertido juego propone un giro al cl\u00e1sico tiro al blanco. Su material reduce las fallas al tirar la pelota y lo hace m\u00e1s seguro para ni\u00f1os y ni\u00f1as peque\u00f1as. De material suave y resistente esta tabla liviana puede llevarse a todas partes. Con este juego tendr\u00e1s horas de diversi\u00f3n asegurada.<\/p>\n<p><p><strong>Material : <\/strong> Genero y Pl\u00e1stico<\/p>\n<p><strong>C\u00f3digo Aukinko : <\/strong> 11-21287<\/p>\n<p><strong>C\u00f3digo Convenio Marco : <\/strong> x<\/p>\n","protected":false},"excerpt":{"rendered":"<p>Este divertido juego propone un giro al cl\u00e1sico tiro al blanco. Su material reduce las fallas al tirar la pelota y lo hace m\u00e1s seguro para ni\u00f1os y ni\u00f1as peque\u00f1as. De material suave y resistente esta tabla liviana puede llevarse a todas partes. Con este juego tendr\u00e1s horas de diversi\u00f3n asegurada. Material : Genero y [&hellip;]<\/p>\n","protected":false},"featured_media":632745,"comment_status":"open","ping_status":"closed","template":"","meta":{"_et_pb_use_builder":"","_et_pb_old_content":"","_et_gb_content_width":""},"product_brand":[],"product_cat":[91,148,90,18],"product_tag":[],"class_list":{"0":"post-632746","1":"product","2":"type-product","3":"status-publish","4":"has-post-thumbnail","6":"product_cat-accesorios-sala","7":"product_cat-deportes","8":"product_cat-matematicas","9":"product_cat-motricidad-gruesa","10":"pa_edad-10-anos","11":"pa_edad-5-a-6-anos","12":"pa_edad-6-a-8-anos","13":"pa_edad-8-a-10-anos","14":"pa_marca-toysmith","15":"pa_medidas-36-x-5-x-46-cm","17":"first","18":"instock","19":"shipping-taxable","20":"purchasable","21":"product-type-simple"},"aioseo_notices":[],"_links":{"self":[{"href":"https:\/\/aukinkochile.com\/web\/wp-json\/wp\/v2\/product\/632746","targetHints":{"allow":["GET"]}}],"collection":[{"href":"https:\/\/aukinkochile.com\/web\/wp-json\/wp\/v2\/product"}],"about":[{"href":"https:\/\/aukinkochile.com\/web\/wp-json\/wp\/v2\/types\/product"}],"replies":[{"embeddable":true,"href":"https:\/\/aukinkochile.com\/web\/wp-json\/wp\/v2\/comments?post=632746"}],"wp:featuredmedia":[{"embeddable":true,"href":"https:\/\/aukinkochile.com\/web\/wp-json\/wp\/v2\/media\/632745"}],"wp:attachment":[{"href":"https:\/\/aukinkochile.com\/web\/wp-json\/wp\/v2\/media?parent=632746"}],"wp:term":[{"taxonomy":"product_brand","embeddable":true,"href":"https:\/\/aukinkochile.com\/web\/wp-json\/wp\/v2\/product_brand?post=632746"},{"taxonomy":"product_cat","embeddable":true,"href":"https:\/\/aukinkochile.com\/web\/wp-json\/wp\/v2\/product_cat?post=632746"},{"taxonomy":"product_tag","embeddable":true,"href":"https:\/\/aukinkochile.com\/web\/wp-json\/wp\/v2\/product_tag?post=632746"}],"curies":[{"name":"wp","href":"https:\/\/api.w.org\/{rel}","templated":true}]}}