{"id":632744,"date":"2025-10-22T14:47:49","date_gmt":"2025-10-22T14:47:49","guid":{"rendered":"https:\/\/aukinkochile.com\/web\/producto\/lapices-tatuaje-6-pz\/"},"modified":"2025-10-22T14:53:41","modified_gmt":"2025-10-22T14:53:41","slug":"lapices-tatuaje-6-pz","status":"publish","type":"product","link":"https:\/\/aukinkochile.com\/web\/producto\/lapices-tatuaje-6-pz\/","title":{"rendered":"L\u00e1pices Tatuaje 6 pz"},"content":{"rendered":"<p>Set de tatuaje que incluye 6 l\u00e1pices de colores brillantes para pintar los tatuajes y tres plantillas pl\u00e1sticas.<\/p>\n<p><p><strong>Material : <\/strong> Pl\u00e1stico<\/p>\n<p><strong>C\u00f3digo Aukinko : <\/strong> 11-21245<\/p>\n<p><strong>C\u00f3digo Convenio Marco : <\/strong> x<\/p>\n","protected":false},"excerpt":{"rendered":"<p>Set de tatuaje que incluye 6 l\u00e1pices de colores brillantes para pintar los tatuajes y tres plantillas pl\u00e1sticas. Material : Pl\u00e1stico C\u00f3digo Aukinko : 11-21245 C\u00f3digo Convenio Marco : x<\/p>\n","protected":false},"featured_media":632743,"comment_status":"open","ping_status":"closed","template":"","meta":{"_et_pb_use_builder":"","_et_pb_old_content":"","_et_gb_content_width":""},"product_brand":[],"product_cat":[21],"product_tag":[],"class_list":{"0":"post-632744","1":"product","2":"type-product","3":"status-publish","4":"has-post-thumbnail","6":"product_cat-arte-y-manipulacion","7":"pa_edad-10-anos","8":"pa_edad-6-a-8-anos","9":"pa_edad-8-a-10-anos","10":"pa_marca-toysmith","11":"pa_medidas-22-x-16-x-1-cm","13":"first","14":"instock","15":"shipping-taxable","16":"purchasable","17":"product-type-simple"},"aioseo_notices":[],"_links":{"self":[{"href":"https:\/\/aukinkochile.com\/web\/wp-json\/wp\/v2\/product\/632744","targetHints":{"allow":["GET"]}}],"collection":[{"href":"https:\/\/aukinkochile.com\/web\/wp-json\/wp\/v2\/product"}],"about":[{"href":"https:\/\/aukinkochile.com\/web\/wp-json\/wp\/v2\/types\/product"}],"replies":[{"embeddable":true,"href":"https:\/\/aukinkochile.com\/web\/wp-json\/wp\/v2\/comments?post=632744"}],"wp:featuredmedia":[{"embeddable":true,"href":"https:\/\/aukinkochile.com\/web\/wp-json\/wp\/v2\/media\/632743"}],"wp:attachment":[{"href":"https:\/\/aukinkochile.com\/web\/wp-json\/wp\/v2\/media?parent=632744"}],"wp:term":[{"taxonomy":"product_brand","embeddable":true,"href":"https:\/\/aukinkochile.com\/web\/wp-json\/wp\/v2\/product_brand?post=632744"},{"taxonomy":"product_cat","embeddable":true,"href":"https:\/\/aukinkochile.com\/web\/wp-json\/wp\/v2\/product_cat?post=632744"},{"taxonomy":"product_tag","embeddable":true,"href":"https:\/\/aukinkochile.com\/web\/wp-json\/wp\/v2\/product_tag?post=632744"}],"curies":[{"name":"wp","href":"https:\/\/api.w.org\/{rel}","templated":true}]}}