{"id":632742,"date":"2025-10-22T14:47:46","date_gmt":"2025-10-22T14:47:46","guid":{"rendered":"https:\/\/aukinkochile.com\/web\/producto\/juego-lanzar-tiro-al-blanco-con-pelota-2\/"},"modified":"2025-10-22T14:53:41","modified_gmt":"2025-10-22T14:53:41","slug":"juego-lanzar-tiro-al-blanco-con-pelota-2","status":"publish","type":"product","link":"https:\/\/aukinkochile.com\/web\/producto\/juego-lanzar-tiro-al-blanco-con-pelota-2\/","title":{"rendered":"Juego Lanzar Tiro al Blanco con Pelota"},"content":{"rendered":"<p>Tiro al blanco con interior inflable. Se cuelga y las pelotas al tirarlas se adhieren a los blancos con velcro. Incluye 3 pelotas. 60,9 cm di\u00e1metro.<\/p>\n<p><p><strong>Material : <\/strong> Vinyl<\/p>\n<p><strong>C\u00f3digo Aukinko : <\/strong> 11-20055<\/p>\n<p><strong>C\u00f3digo Convenio Marco : <\/strong> x<\/p>\n","protected":false},"excerpt":{"rendered":"<p>Tiro al blanco con interior inflable. Se cuelga y las pelotas al tirarlas se adhieren a los blancos con velcro. Incluye 3 pelotas. 60,9 cm di\u00e1metro. Material : Vinyl C\u00f3digo Aukinko : 11-20055 C\u00f3digo Convenio Marco : x<\/p>\n","protected":false},"featured_media":632741,"comment_status":"open","ping_status":"closed","template":"","meta":{"_et_pb_use_builder":"","_et_pb_old_content":"","_et_gb_content_width":""},"product_brand":[],"product_cat":[18],"product_tag":[],"class_list":{"0":"post-632742","1":"product","2":"type-product","3":"status-publish","4":"has-post-thumbnail","6":"product_cat-motricidad-gruesa","7":"pa_edad-10-anos","8":"pa_edad-4-a-5-anos","9":"pa_edad-5-a-6-anos","10":"pa_edad-6-a-8-anos","11":"pa_edad-8-a-10-anos","12":"pa_marca-toysmith","13":"pa_medidas-4638","14":"pa_medidas-9-cm-diametro","16":"first","17":"instock","18":"shipping-taxable","19":"purchasable","20":"product-type-simple"},"aioseo_notices":[],"_links":{"self":[{"href":"https:\/\/aukinkochile.com\/web\/wp-json\/wp\/v2\/product\/632742","targetHints":{"allow":["GET"]}}],"collection":[{"href":"https:\/\/aukinkochile.com\/web\/wp-json\/wp\/v2\/product"}],"about":[{"href":"https:\/\/aukinkochile.com\/web\/wp-json\/wp\/v2\/types\/product"}],"replies":[{"embeddable":true,"href":"https:\/\/aukinkochile.com\/web\/wp-json\/wp\/v2\/comments?post=632742"}],"wp:featuredmedia":[{"embeddable":true,"href":"https:\/\/aukinkochile.com\/web\/wp-json\/wp\/v2\/media\/632741"}],"wp:attachment":[{"href":"https:\/\/aukinkochile.com\/web\/wp-json\/wp\/v2\/media?parent=632742"}],"wp:term":[{"taxonomy":"product_brand","embeddable":true,"href":"https:\/\/aukinkochile.com\/web\/wp-json\/wp\/v2\/product_brand?post=632742"},{"taxonomy":"product_cat","embeddable":true,"href":"https:\/\/aukinkochile.com\/web\/wp-json\/wp\/v2\/product_cat?post=632742"},{"taxonomy":"product_tag","embeddable":true,"href":"https:\/\/aukinkochile.com\/web\/wp-json\/wp\/v2\/product_tag?post=632742"}],"curies":[{"name":"wp","href":"https:\/\/api.w.org\/{rel}","templated":true}]}}