{"id":632684,"date":"2025-10-02T15:58:48","date_gmt":"2025-10-02T15:58:48","guid":{"rendered":"https:\/\/aukinkochile.com\/web\/producto\/sonidos-y-texturas-set-11-pz\/"},"modified":"2025-10-02T15:58:51","modified_gmt":"2025-10-02T15:58:51","slug":"sonidos-y-texturas-set-11-pz","status":"publish","type":"product","link":"https:\/\/aukinkochile.com\/web\/producto\/sonidos-y-texturas-set-11-pz\/","title":{"rendered":"Sonidos y Texturas set 11 pz"},"content":{"rendered":"<p>Gran set de estimulaci\u00f3n de los sentidos con variados elementos para acompa\u00f1ar el desarrollo cognitivo de los m\u00e1s peque\u00f1os de una forma muy entretenida. Con los juegos incluidos en este set los ni\u00f1os y ni\u00f1as estimular\u00e1n el sentido del tacto reconociendo variadas texturas, y del sonido utilizando los instrumentos musicales. Incluye 1 pandereta, 1 libro de g\u00e9nero, 1 mini palo de agua, 1 anillo sonajero con peluches de texturas, 3 animales de la jungla con diferentes sonidos y 4 saquitos de g\u00e9nero con diferentes colores y texturas. Todo el set viene presentado en un canasto de mimbre de 30 cm de di\u00e1metro. Un juego ideal para salas de jardines y salas cunas. <\/p>\n<p><p><strong>Material : <\/strong> Madera, Pl\u00e1stico y Genero<\/p>\n<p><strong>C\u00f3digo Aukinko : <\/strong> 16-1037<\/p>\n<p><strong>C\u00f3digo Convenio Marco : <\/strong> x<\/p>\n","protected":false},"excerpt":{"rendered":"<p>Gran set de estimulaci\u00f3n de los sentidos con variados elementos para acompa\u00f1ar el desarrollo cognitivo de los m\u00e1s peque\u00f1os de una forma muy entretenida. Con los juegos incluidos en este set los ni\u00f1os y ni\u00f1as estimular\u00e1n el sentido del tacto reconociendo variadas texturas, y del sonido utilizando los instrumentos musicales. Incluye 1 pandereta, 1 libro [&hellip;]<\/p>\n","protected":false},"featured_media":632683,"comment_status":"open","ping_status":"closed","template":"","meta":{"_et_pb_use_builder":"","_et_pb_old_content":"","_et_gb_content_width":""},"product_brand":[],"product_cat":[148,18],"product_tag":[],"class_list":{"0":"post-632684","1":"product","2":"type-product","3":"status-publish","4":"has-post-thumbnail","6":"product_cat-deportes","7":"product_cat-motricidad-gruesa","8":"pa_edad-2-a-3-anos","9":"pa_edad-3-a-4-anos","10":"pa_marca-aukinko","11":"pa_medidas-30-x-30-cm","13":"first","14":"instock","15":"shipping-taxable","16":"purchasable","17":"product-type-simple"},"aioseo_notices":[],"_links":{"self":[{"href":"https:\/\/aukinkochile.com\/web\/wp-json\/wp\/v2\/product\/632684","targetHints":{"allow":["GET"]}}],"collection":[{"href":"https:\/\/aukinkochile.com\/web\/wp-json\/wp\/v2\/product"}],"about":[{"href":"https:\/\/aukinkochile.com\/web\/wp-json\/wp\/v2\/types\/product"}],"replies":[{"embeddable":true,"href":"https:\/\/aukinkochile.com\/web\/wp-json\/wp\/v2\/comments?post=632684"}],"wp:featuredmedia":[{"embeddable":true,"href":"https:\/\/aukinkochile.com\/web\/wp-json\/wp\/v2\/media\/632683"}],"wp:attachment":[{"href":"https:\/\/aukinkochile.com\/web\/wp-json\/wp\/v2\/media?parent=632684"}],"wp:term":[{"taxonomy":"product_brand","embeddable":true,"href":"https:\/\/aukinkochile.com\/web\/wp-json\/wp\/v2\/product_brand?post=632684"},{"taxonomy":"product_cat","embeddable":true,"href":"https:\/\/aukinkochile.com\/web\/wp-json\/wp\/v2\/product_cat?post=632684"},{"taxonomy":"product_tag","embeddable":true,"href":"https:\/\/aukinkochile.com\/web\/wp-json\/wp\/v2\/product_tag?post=632684"}],"curies":[{"name":"wp","href":"https:\/\/api.w.org\/{rel}","templated":true}]}}