{"id":632682,"date":"2025-10-02T15:58:45","date_gmt":"2025-10-02T15:58:45","guid":{"rendered":"https:\/\/aukinkochile.com\/web\/producto\/instrumento-artesanales-set-10-pz\/"},"modified":"2025-10-02T15:58:48","modified_gmt":"2025-10-02T15:58:48","slug":"instrumento-artesanales-set-10-pz","status":"publish","type":"product","link":"https:\/\/aukinkochile.com\/web\/producto\/instrumento-artesanales-set-10-pz\/","title":{"rendered":"Instrumento Artesanales set 10 pz"},"content":{"rendered":"<p>Gran set musical con 10 instrumentos de materiales naturales de gran calidad y con excelente sonido. Ideal para salas de jardines infantiles, una forma de promover el gusto por la m\u00fasica, el desarrollo del ritmo, el reconocimiento de instrumentos tradicionales y el trabajo grupal. Incluye 1 pandero de 15 cm de di\u00e1metro, 1 cholita peruana, 1 casta\u00f1uela con mango de madera, 1 rana sonora de madera con baqueta, 1 Afroton shekere con cuentas naturales (instrumento de madera con semillas en red, medida 11,5 cm, con un agarre superior de material tejido), 2 huevos sonoros artesanales, 1 ocarina de cer\u00e1mica de 9 cm con 8 notas y 2 maracas de madera de bamb\u00fa con valinas de semillas de cacho y correa de algod\u00f3n en el mango de 21 x 6 cm aproximadamente. Todo el set viene presentado en un canasto de mimbre de 30 cm de di\u00e1metro. Todos los instrumentos de madera y materiales naturales.<\/p>\n<p><p><strong>Material : <\/strong> Madera, Bamb\u00fa y Semillas<\/p>\n<p><strong>C\u00f3digo Aukinko : <\/strong> 16-1036<\/p>\n<p><strong>C\u00f3digo Convenio Marco : <\/strong> x<\/p>\n","protected":false},"excerpt":{"rendered":"<p>Gran set musical con 10 instrumentos de materiales naturales de gran calidad y con excelente sonido. Ideal para salas de jardines infantiles, una forma de promover el gusto por la m\u00fasica, el desarrollo del ritmo, el reconocimiento de instrumentos tradicionales y el trabajo grupal. Incluye 1 pandero de 15 cm de di\u00e1metro, 1 cholita peruana, [&hellip;]<\/p>\n","protected":false},"featured_media":632681,"comment_status":"open","ping_status":"closed","template":"","meta":{"_et_pb_use_builder":"","_et_pb_old_content":"","_et_gb_content_width":""},"product_brand":[],"product_cat":[91,392],"product_tag":[],"class_list":{"0":"post-632682","1":"product","2":"type-product","3":"status-publish","4":"has-post-thumbnail","6":"product_cat-accesorios-sala","7":"product_cat-musica","8":"pa_edad-10-anos","9":"pa_edad-3-a-4-anos","10":"pa_edad-4-a-5-anos","11":"pa_edad-5-a-6-anos","12":"pa_edad-6-a-8-anos","13":"pa_edad-8-a-10-anos","14":"pa_marca-aukinko","15":"pa_medidas-30-x-30-cm","17":"first","18":"instock","19":"shipping-taxable","20":"purchasable","21":"product-type-simple"},"aioseo_notices":[],"_links":{"self":[{"href":"https:\/\/aukinkochile.com\/web\/wp-json\/wp\/v2\/product\/632682","targetHints":{"allow":["GET"]}}],"collection":[{"href":"https:\/\/aukinkochile.com\/web\/wp-json\/wp\/v2\/product"}],"about":[{"href":"https:\/\/aukinkochile.com\/web\/wp-json\/wp\/v2\/types\/product"}],"replies":[{"embeddable":true,"href":"https:\/\/aukinkochile.com\/web\/wp-json\/wp\/v2\/comments?post=632682"}],"wp:featuredmedia":[{"embeddable":true,"href":"https:\/\/aukinkochile.com\/web\/wp-json\/wp\/v2\/media\/632681"}],"wp:attachment":[{"href":"https:\/\/aukinkochile.com\/web\/wp-json\/wp\/v2\/media?parent=632682"}],"wp:term":[{"taxonomy":"product_brand","embeddable":true,"href":"https:\/\/aukinkochile.com\/web\/wp-json\/wp\/v2\/product_brand?post=632682"},{"taxonomy":"product_cat","embeddable":true,"href":"https:\/\/aukinkochile.com\/web\/wp-json\/wp\/v2\/product_cat?post=632682"},{"taxonomy":"product_tag","embeddable":true,"href":"https:\/\/aukinkochile.com\/web\/wp-json\/wp\/v2\/product_tag?post=632682"}],"curies":[{"name":"wp","href":"https:\/\/api.w.org\/{rel}","templated":true}]}}