{"id":632678,"date":"2025-10-02T15:58:39","date_gmt":"2025-10-02T15:58:39","guid":{"rendered":"https:\/\/aukinkochile.com\/web\/producto\/set-cuencos-y-pelotas-24-pz\/"},"modified":"2025-10-02T15:58:42","modified_gmt":"2025-10-02T15:58:42","slug":"set-cuencos-y-pelotas-24-pz","status":"publish","type":"product","link":"https:\/\/aukinkochile.com\/web\/producto\/set-cuencos-y-pelotas-24-pz\/","title":{"rendered":"Set Cuencos y Pelotas 24 pz"},"content":{"rendered":"<p>Set de 4 cuencos de colores con 5 pelotas tejidas cada uno, ideal para juegos heur\u00edsticos.\u00a0Inspiraci\u00f3n Montessori.<\/p>\n<p><p><strong>Material : <\/strong> Lana<\/p>\n<p><strong>C\u00f3digo Aukinko : <\/strong> 16-1038<\/p>\n<p><strong>C\u00f3digo Convenio Marco : <\/strong> x<\/p>\n","protected":false},"excerpt":{"rendered":"<p>Set de 4 cuencos de colores con 5 pelotas tejidas cada uno, ideal para juegos heur\u00edsticos.\u00a0Inspiraci\u00f3n Montessori. Material : Lana C\u00f3digo Aukinko : 16-1038 C\u00f3digo Convenio Marco : x<\/p>\n","protected":false},"featured_media":632677,"comment_status":"open","ping_status":"closed","template":"","meta":{"_et_pb_use_builder":"","_et_pb_old_content":"","_et_gb_content_width":""},"product_brand":[],"product_cat":[91],"product_tag":[],"class_list":{"0":"post-632678","1":"product","2":"type-product","3":"status-publish","4":"has-post-thumbnail","6":"product_cat-accesorios-sala","7":"pa_edad-2-a-3-anos","8":"pa_edad-3-a-4-anos","9":"pa_edad-4-a-5-anos","10":"pa_edad-5-a-6-anos","11":"pa_edad-6-a-8-anos","12":"pa_marca-aukinko","13":"pa_medidas-cuenco-12-diametro-x-6-cm","14":"pa_medidas-pelota-4-cm-aprox","16":"first","17":"instock","18":"shipping-taxable","19":"purchasable","20":"product-type-simple"},"aioseo_notices":[],"_links":{"self":[{"href":"https:\/\/aukinkochile.com\/web\/wp-json\/wp\/v2\/product\/632678","targetHints":{"allow":["GET"]}}],"collection":[{"href":"https:\/\/aukinkochile.com\/web\/wp-json\/wp\/v2\/product"}],"about":[{"href":"https:\/\/aukinkochile.com\/web\/wp-json\/wp\/v2\/types\/product"}],"replies":[{"embeddable":true,"href":"https:\/\/aukinkochile.com\/web\/wp-json\/wp\/v2\/comments?post=632678"}],"wp:featuredmedia":[{"embeddable":true,"href":"https:\/\/aukinkochile.com\/web\/wp-json\/wp\/v2\/media\/632677"}],"wp:attachment":[{"href":"https:\/\/aukinkochile.com\/web\/wp-json\/wp\/v2\/media?parent=632678"}],"wp:term":[{"taxonomy":"product_brand","embeddable":true,"href":"https:\/\/aukinkochile.com\/web\/wp-json\/wp\/v2\/product_brand?post=632678"},{"taxonomy":"product_cat","embeddable":true,"href":"https:\/\/aukinkochile.com\/web\/wp-json\/wp\/v2\/product_cat?post=632678"},{"taxonomy":"product_tag","embeddable":true,"href":"https:\/\/aukinkochile.com\/web\/wp-json\/wp\/v2\/product_tag?post=632678"}],"curies":[{"name":"wp","href":"https:\/\/api.w.org\/{rel}","templated":true}]}}