{"id":632675,"date":"2025-10-02T15:58:33","date_gmt":"2025-10-02T15:58:33","guid":{"rendered":"https:\/\/aukinkochile.com\/web\/producto\/caleidoscopio-chico-c-u\/"},"modified":"2025-10-02T15:58:36","modified_gmt":"2025-10-02T15:58:36","slug":"caleidoscopio-chico-c-u","status":"publish","type":"product","link":"https:\/\/aukinkochile.com\/web\/producto\/caleidoscopio-chico-c-u\/","title":{"rendered":"Caleidoscopio Chico c\/u"},"content":{"rendered":"<p>Los caleidoscopios cl\u00e1sicos chivos son ideales tanto para ni\u00f1os como para ni\u00f1as; simplemente gira y experimenta colores y patrones vibrantes, creando deslumbrantes colores m\u00e1gicos en cada giro; la observaci\u00f3n del paciente y los ojos curiosos buscan patrones ocultos y descubre la diversi\u00f3n en estos caleidoscopios.<br \/>\nEst\u00e1n hechos principalmente de papel artesanal de calidad, ligero pero fuerte, mano de obra fina, lo suficientemente resistente como para soportar el juego diario, no se rompe ni se desvanece f\u00e1cilmente; la superficie es lisa sin rebabas, lo que te da una experiencia de entretenimiento fascinante, modelos surtidos. Precio por unidad.<\/p>\n<p><p><strong>Material : <\/strong> Cart\u00f3n y Pl\u00e1stico<\/p>\n<p><strong>C\u00f3digo Aukinko : <\/strong> 16-1035<\/p>\n<p><strong>C\u00f3digo Convenio Marco : <\/strong> x<\/p>\n","protected":false},"excerpt":{"rendered":"<p>Los caleidoscopios cl\u00e1sicos chivos son ideales tanto para ni\u00f1os como para ni\u00f1as; simplemente gira y experimenta colores y patrones vibrantes, creando deslumbrantes colores m\u00e1gicos en cada giro; la observaci\u00f3n del paciente y los ojos curiosos buscan patrones ocultos y descubre la diversi\u00f3n en estos caleidoscopios. Est\u00e1n hechos principalmente de papel artesanal de calidad, ligero pero [&hellip;]<\/p>\n","protected":false},"featured_media":632674,"comment_status":"open","ping_status":"closed","template":"","meta":{"_et_pb_use_builder":"","_et_pb_old_content":"","_et_gb_content_width":""},"product_brand":[],"product_cat":[21],"product_tag":[],"class_list":{"0":"post-632675","1":"product","2":"type-product","3":"status-publish","4":"has-post-thumbnail","6":"product_cat-arte-y-manipulacion","7":"pa_edad-3-a-4-anos","8":"pa_edad-4-a-5-anos","9":"pa_edad-5-a-6-anos","10":"pa_edad-6-a-8-anos","11":"pa_edad-8-a-10-anos","12":"pa_marca-aukinko","13":"pa_medidas-15-x-3","14":"pa_medidas-5-cm","16":"first","17":"instock","18":"shipping-taxable","19":"purchasable","20":"product-type-simple"},"aioseo_notices":[],"_links":{"self":[{"href":"https:\/\/aukinkochile.com\/web\/wp-json\/wp\/v2\/product\/632675","targetHints":{"allow":["GET"]}}],"collection":[{"href":"https:\/\/aukinkochile.com\/web\/wp-json\/wp\/v2\/product"}],"about":[{"href":"https:\/\/aukinkochile.com\/web\/wp-json\/wp\/v2\/types\/product"}],"replies":[{"embeddable":true,"href":"https:\/\/aukinkochile.com\/web\/wp-json\/wp\/v2\/comments?post=632675"}],"wp:featuredmedia":[{"embeddable":true,"href":"https:\/\/aukinkochile.com\/web\/wp-json\/wp\/v2\/media\/632674"}],"wp:attachment":[{"href":"https:\/\/aukinkochile.com\/web\/wp-json\/wp\/v2\/media?parent=632675"}],"wp:term":[{"taxonomy":"product_brand","embeddable":true,"href":"https:\/\/aukinkochile.com\/web\/wp-json\/wp\/v2\/product_brand?post=632675"},{"taxonomy":"product_cat","embeddable":true,"href":"https:\/\/aukinkochile.com\/web\/wp-json\/wp\/v2\/product_cat?post=632675"},{"taxonomy":"product_tag","embeddable":true,"href":"https:\/\/aukinkochile.com\/web\/wp-json\/wp\/v2\/product_tag?post=632675"}],"curies":[{"name":"wp","href":"https:\/\/api.w.org\/{rel}","templated":true}]}}