{"id":632671,"date":"2025-10-02T15:58:27","date_gmt":"2025-10-02T15:58:27","guid":{"rendered":"https:\/\/aukinkochile.com\/web\/producto\/compras-set-17-pz\/"},"modified":"2025-10-02T15:58:30","modified_gmt":"2025-10-02T15:58:30","slug":"compras-set-17-pz","status":"publish","type":"product","link":"https:\/\/aukinkochile.com\/web\/producto\/compras-set-17-pz\/","title":{"rendered":"Compras set 17 pz"},"content":{"rendered":"<p>Set de comida compuesto por: 5pz\u00a0verduras de madera, 6pz en pl\u00e1stico resistente en formas de panes, 1 yogurt en madera,\u00a02 envases pl\u00e1sticos con tapa, 2 cajas de cart\u00f3n\u00a0con apariencia de harina y jugo\u00a0de naranja y 1 canasto de mimbre con asa<\/p>\n<p><p><strong>Material : <\/strong> Pl\u00e1stico, Mimbre, Cart\u00f3n y Madera<\/p>\n<p><strong>C\u00f3digo Aukinko : <\/strong> 16-1033<\/p>\n<p><strong>C\u00f3digo Convenio Marco : <\/strong> x<\/p>\n","protected":false},"excerpt":{"rendered":"<p>Set de comida compuesto por: 5pz\u00a0verduras de madera, 6pz en pl\u00e1stico resistente en formas de panes, 1 yogurt en madera,\u00a02 envases pl\u00e1sticos con tapa, 2 cajas de cart\u00f3n\u00a0con apariencia de harina y jugo\u00a0de naranja y 1 canasto de mimbre con asa Material : Pl\u00e1stico, Mimbre, Cart\u00f3n y Madera C\u00f3digo Aukinko : 16-1033 C\u00f3digo Convenio Marco [&hellip;]<\/p>\n","protected":false},"featured_media":632670,"comment_status":"open","ping_status":"closed","template":"","meta":{"_et_pb_use_builder":"","_et_pb_old_content":"","_et_gb_content_width":""},"product_brand":[],"product_cat":[91,17],"product_tag":[],"class_list":{"0":"post-632671","1":"product","2":"type-product","3":"status-publish","4":"has-post-thumbnail","6":"product_cat-accesorios-sala","7":"product_cat-juegos-de-rol","8":"pa_edad-2-a-3-anos","9":"pa_edad-3-a-4-anos","10":"pa_edad-4-a-5-anos","11":"pa_edad-5-a-6-anos","12":"pa_marca-aukinko","14":"first","15":"instock","16":"shipping-taxable","17":"purchasable","18":"product-type-simple"},"aioseo_notices":[],"_links":{"self":[{"href":"https:\/\/aukinkochile.com\/web\/wp-json\/wp\/v2\/product\/632671","targetHints":{"allow":["GET"]}}],"collection":[{"href":"https:\/\/aukinkochile.com\/web\/wp-json\/wp\/v2\/product"}],"about":[{"href":"https:\/\/aukinkochile.com\/web\/wp-json\/wp\/v2\/types\/product"}],"replies":[{"embeddable":true,"href":"https:\/\/aukinkochile.com\/web\/wp-json\/wp\/v2\/comments?post=632671"}],"wp:featuredmedia":[{"embeddable":true,"href":"https:\/\/aukinkochile.com\/web\/wp-json\/wp\/v2\/media\/632670"}],"wp:attachment":[{"href":"https:\/\/aukinkochile.com\/web\/wp-json\/wp\/v2\/media?parent=632671"}],"wp:term":[{"taxonomy":"product_brand","embeddable":true,"href":"https:\/\/aukinkochile.com\/web\/wp-json\/wp\/v2\/product_brand?post=632671"},{"taxonomy":"product_cat","embeddable":true,"href":"https:\/\/aukinkochile.com\/web\/wp-json\/wp\/v2\/product_cat?post=632671"},{"taxonomy":"product_tag","embeddable":true,"href":"https:\/\/aukinkochile.com\/web\/wp-json\/wp\/v2\/product_tag?post=632671"}],"curies":[{"name":"wp","href":"https:\/\/api.w.org\/{rel}","templated":true}]}}