{"id":632667,"date":"2025-10-02T15:58:21","date_gmt":"2025-10-02T15:58:21","guid":{"rendered":"https:\/\/aukinkochile.com\/web\/producto\/cocina-set-27-pz\/"},"modified":"2025-10-02T15:58:24","modified_gmt":"2025-10-02T15:58:24","slug":"cocina-set-27-pz","status":"publish","type":"product","link":"https:\/\/aukinkochile.com\/web\/producto\/cocina-set-27-pz\/","title":{"rendered":"Cocina set 27 pz"},"content":{"rendered":"<p>Set de comida compuesto por: 1\u00a0secador de pl\u00e1stico, 4 plastos extendidos, 1 ensaladera, 4 vasos, 1 olla con\u00a0tapa y dos asas, 1 olla con mango y tapa, 1 sart\u00e9n, 1 jarro, 4 tenedores, 4\u00a0cuchillos, 4 cucharas y 1 canasto pl\u00e1stico con\u00a0dos asas.<\/p>\n<p><p><strong>Material : <\/strong> Pl\u00e1stico<\/p>\n<p><strong>C\u00f3digo Aukinko : <\/strong> 16-1031<\/p>\n<p><strong>C\u00f3digo Convenio Marco : <\/strong> x<\/p>\n","protected":false},"excerpt":{"rendered":"<p>Set de comida compuesto por: 1\u00a0secador de pl\u00e1stico, 4 plastos extendidos, 1 ensaladera, 4 vasos, 1 olla con\u00a0tapa y dos asas, 1 olla con mango y tapa, 1 sart\u00e9n, 1 jarro, 4 tenedores, 4\u00a0cuchillos, 4 cucharas y 1 canasto pl\u00e1stico con\u00a0dos asas. Material : Pl\u00e1stico C\u00f3digo Aukinko : 16-1031 C\u00f3digo Convenio Marco : x<\/p>\n","protected":false},"featured_media":632666,"comment_status":"open","ping_status":"closed","template":"","meta":{"_et_pb_use_builder":"","_et_pb_old_content":"","_et_gb_content_width":""},"product_brand":[],"product_cat":[91,17],"product_tag":[],"class_list":{"0":"post-632667","1":"product","2":"type-product","3":"status-publish","4":"has-post-thumbnail","6":"product_cat-accesorios-sala","7":"product_cat-juegos-de-rol","8":"pa_edad-2-a-3-anos","9":"pa_edad-3-a-4-anos","10":"pa_edad-4-a-5-anos","11":"pa_edad-5-a-6-anos","12":"pa_marca-aukinko","14":"first","15":"instock","16":"shipping-taxable","17":"purchasable","18":"product-type-simple"},"aioseo_notices":[],"_links":{"self":[{"href":"https:\/\/aukinkochile.com\/web\/wp-json\/wp\/v2\/product\/632667","targetHints":{"allow":["GET"]}}],"collection":[{"href":"https:\/\/aukinkochile.com\/web\/wp-json\/wp\/v2\/product"}],"about":[{"href":"https:\/\/aukinkochile.com\/web\/wp-json\/wp\/v2\/types\/product"}],"replies":[{"embeddable":true,"href":"https:\/\/aukinkochile.com\/web\/wp-json\/wp\/v2\/comments?post=632667"}],"wp:featuredmedia":[{"embeddable":true,"href":"https:\/\/aukinkochile.com\/web\/wp-json\/wp\/v2\/media\/632666"}],"wp:attachment":[{"href":"https:\/\/aukinkochile.com\/web\/wp-json\/wp\/v2\/media?parent=632667"}],"wp:term":[{"taxonomy":"product_brand","embeddable":true,"href":"https:\/\/aukinkochile.com\/web\/wp-json\/wp\/v2\/product_brand?post=632667"},{"taxonomy":"product_cat","embeddable":true,"href":"https:\/\/aukinkochile.com\/web\/wp-json\/wp\/v2\/product_cat?post=632667"},{"taxonomy":"product_tag","embeddable":true,"href":"https:\/\/aukinkochile.com\/web\/wp-json\/wp\/v2\/product_tag?post=632667"}],"curies":[{"name":"wp","href":"https:\/\/api.w.org\/{rel}","templated":true}]}}