{"id":632663,"date":"2025-10-02T15:58:15","date_gmt":"2025-10-02T15:58:15","guid":{"rendered":"https:\/\/aukinkochile.com\/web\/producto\/mi-primera-granja\/"},"modified":"2025-10-02T15:58:18","modified_gmt":"2025-10-02T15:58:18","slug":"mi-primera-granja","status":"publish","type":"product","link":"https:\/\/aukinkochile.com\/web\/producto\/mi-primera-granja\/","title":{"rendered":"Mi Primera Granja"},"content":{"rendered":"<p>En la finca del granjero hay un jolgorio muy animado. El burro Ignace, el cerdo Sim\u00f3n, la vaca Rosalie, la oveja Yvon, la gallina Paulette y el pato Gaspard son los coloridos habitantes de esta granja. El granjero Fons merodea de aqu\u00ed para all\u00e1 con su tractor y se ocupa de que todo est\u00e9 en orden. Cada uno de los animales que vive en la granja tiene su sitio propio. Puedes llevarte la granja y sus habitantes f\u00e1cilmente gracias a su cierre y la pr\u00e1ctica asa.<\/p>\n<p><p><strong>Material : <\/strong> Poli\u00e9ster<\/p>\n<p><strong>C\u00f3digo Aukinko : <\/strong> 09-786791<\/p>\n<p><strong>C\u00f3digo Convenio Marco : <\/strong> x<\/p>\n","protected":false},"excerpt":{"rendered":"<p>En la finca del granjero hay un jolgorio muy animado. El burro Ignace, el cerdo Sim\u00f3n, la vaca Rosalie, la oveja Yvon, la gallina Paulette y el pato Gaspard son los coloridos habitantes de esta granja. El granjero Fons merodea de aqu\u00ed para all\u00e1 con su tractor y se ocupa de que todo est\u00e9 en [&hellip;]<\/p>\n","protected":false},"featured_media":626881,"comment_status":"open","ping_status":"closed","template":"","meta":{"_et_pb_use_builder":"","_et_pb_old_content":"","_et_gb_content_width":""},"product_brand":[],"product_cat":[212,23],"product_tag":[],"class_list":{"0":"post-632663","1":"product","2":"type-product","3":"status-publish","4":"has-post-thumbnail","6":"product_cat-munecos-y-figuras","7":"product_cat-primeros-anos","8":"pa_edad-1-a-2-anos","9":"pa_edad-2-a-3-anos","10":"pa_marca-lilliputiens","11":"pa_medidas-23-x-16-x-22-cm","13":"first","14":"instock","15":"shipping-taxable","16":"purchasable","17":"product-type-simple"},"aioseo_notices":[],"_links":{"self":[{"href":"https:\/\/aukinkochile.com\/web\/wp-json\/wp\/v2\/product\/632663","targetHints":{"allow":["GET"]}}],"collection":[{"href":"https:\/\/aukinkochile.com\/web\/wp-json\/wp\/v2\/product"}],"about":[{"href":"https:\/\/aukinkochile.com\/web\/wp-json\/wp\/v2\/types\/product"}],"replies":[{"embeddable":true,"href":"https:\/\/aukinkochile.com\/web\/wp-json\/wp\/v2\/comments?post=632663"}],"wp:featuredmedia":[{"embeddable":true,"href":"https:\/\/aukinkochile.com\/web\/wp-json\/wp\/v2\/media\/626881"}],"wp:attachment":[{"href":"https:\/\/aukinkochile.com\/web\/wp-json\/wp\/v2\/media?parent=632663"}],"wp:term":[{"taxonomy":"product_brand","embeddable":true,"href":"https:\/\/aukinkochile.com\/web\/wp-json\/wp\/v2\/product_brand?post=632663"},{"taxonomy":"product_cat","embeddable":true,"href":"https:\/\/aukinkochile.com\/web\/wp-json\/wp\/v2\/product_cat?post=632663"},{"taxonomy":"product_tag","embeddable":true,"href":"https:\/\/aukinkochile.com\/web\/wp-json\/wp\/v2\/product_tag?post=632663"}],"curies":[{"name":"wp","href":"https:\/\/api.w.org\/{rel}","templated":true}]}}