{"id":632605,"date":"2025-08-25T21:17:37","date_gmt":"2025-08-25T21:17:37","guid":{"rendered":"https:\/\/aukinkochile.com\/web\/producto\/telefono-celular\/"},"modified":"2025-11-26T21:59:28","modified_gmt":"2025-11-26T21:59:28","slug":"telefono-celular","status":"publish","type":"product","link":"https:\/\/aukinkochile.com\/web\/producto\/telefono-celular\/","title":{"rendered":"Tel\u00e9fono Celular"},"content":{"rendered":"<p>Un divertido juego para estimular el aprendizaje de los m\u00e1s peque\u00f1os de una forma muy entretenida. Este tel\u00e9fono inteligente ser\u00e1 el nuevo juego favorito de los m\u00e1s peque\u00f1os, tiene 9 botones para apretar, m\u00fasica y efectos de sonido. Estimula el desarrollo de las habilidades motoras. De material suave y resistente.<\/p>\n<p><p><strong>Material : <\/strong> Pl\u00e1stico<\/p>\n<p><strong>C\u00f3digo Aukinko : <\/strong> 14-123001<\/p>\n<p><strong>C\u00f3digo Convenio Marco : <\/strong> x<\/p>\n","protected":false},"excerpt":{"rendered":"<p>Un divertido juego para estimular el aprendizaje de los m\u00e1s peque\u00f1os de una forma muy entretenida. Este tel\u00e9fono inteligente ser\u00e1 el nuevo juego favorito de los m\u00e1s peque\u00f1os, tiene 9 botones para apretar, m\u00fasica y efectos de sonido. Estimula el desarrollo de las habilidades motoras. De material suave y resistente. Material : Pl\u00e1stico C\u00f3digo Aukinko [&hellip;]<\/p>\n","protected":false},"featured_media":626046,"comment_status":"open","ping_status":"closed","template":"","meta":{"_et_pb_use_builder":"","_et_pb_old_content":"","_et_gb_content_width":""},"product_brand":[],"product_cat":[17],"product_tag":[],"class_list":{"0":"post-632605","1":"product","2":"type-product","3":"status-publish","4":"has-post-thumbnail","6":"product_cat-juegos-de-rol","7":"pa_edad-0-a-1-ano","8":"pa_edad-1-a-2-anos","9":"pa_edad-2-a-3-anos","10":"pa_edad-3-a-4-anos","11":"pa_marca-kkids","12":"pa_medidas-4478","13":"pa_medidas-5-x-2","14":"pa_medidas-5-x-7","15":"pa_medidas-8-cm","17":"first","18":"instock","19":"shipping-taxable","20":"purchasable","21":"product-type-simple"},"aioseo_notices":[],"_links":{"self":[{"href":"https:\/\/aukinkochile.com\/web\/wp-json\/wp\/v2\/product\/632605","targetHints":{"allow":["GET"]}}],"collection":[{"href":"https:\/\/aukinkochile.com\/web\/wp-json\/wp\/v2\/product"}],"about":[{"href":"https:\/\/aukinkochile.com\/web\/wp-json\/wp\/v2\/types\/product"}],"replies":[{"embeddable":true,"href":"https:\/\/aukinkochile.com\/web\/wp-json\/wp\/v2\/comments?post=632605"}],"wp:featuredmedia":[{"embeddable":true,"href":"https:\/\/aukinkochile.com\/web\/wp-json\/wp\/v2\/media\/626046"}],"wp:attachment":[{"href":"https:\/\/aukinkochile.com\/web\/wp-json\/wp\/v2\/media?parent=632605"}],"wp:term":[{"taxonomy":"product_brand","embeddable":true,"href":"https:\/\/aukinkochile.com\/web\/wp-json\/wp\/v2\/product_brand?post=632605"},{"taxonomy":"product_cat","embeddable":true,"href":"https:\/\/aukinkochile.com\/web\/wp-json\/wp\/v2\/product_cat?post=632605"},{"taxonomy":"product_tag","embeddable":true,"href":"https:\/\/aukinkochile.com\/web\/wp-json\/wp\/v2\/product_tag?post=632605"}],"curies":[{"name":"wp","href":"https:\/\/api.w.org\/{rel}","templated":true}]}}