{"id":632604,"date":"2025-08-25T21:17:34","date_gmt":"2025-08-25T21:17:34","guid":{"rendered":"https:\/\/aukinkochile.com\/web\/producto\/titere-munecos-expresiones-y-emociones\/"},"modified":"2025-11-26T21:59:28","modified_gmt":"2025-11-26T21:59:28","slug":"titere-munecos-expresiones-y-emociones","status":"publish","type":"product","link":"https:\/\/aukinkochile.com\/web\/producto\/titere-munecos-expresiones-y-emociones\/","title":{"rendered":"T\u00edtere Mu\u00f1ecos Expresiones y Emociones"},"content":{"rendered":"<p>Divertido juego dise\u00f1ado para comprender diferentes expresiones y sentimientos, fomentar el contacto visual y la comunicaci\u00f3n. Este juguete est\u00e1 dise\u00f1ado para ayudar a los ni\u00f1os a familiarizarse con la relaci\u00f3n entre las expresiones oculares y los sentimientos. Incluye dos marionetas de mano, diferentes rasgos faciales y accesorios. Los adultos pueden colocar los ojos, la boca y las cejas en diferentes posiciones para mostrar distintas emociones y ayudar a los ni\u00f1os a comprenderlas. Este entrenamiento ayuda a los ni\u00f1os a desarrollar habilidades de interacci\u00f3n social. Incluye: 2 marionetas de mano, 14 rasgos faciales y accesorios. Fabricado en material suave y resistente.<\/p>\n<p><p><strong>Material : <\/strong> Genero<\/p>\n<p><strong>C\u00f3digo Aukinko : <\/strong> 14-121028<\/p>\n<p><strong>C\u00f3digo Convenio Marco : <\/strong> x<\/p>\n","protected":false},"excerpt":{"rendered":"<p>Divertido juego dise\u00f1ado para comprender diferentes expresiones y sentimientos, fomentar el contacto visual y la comunicaci\u00f3n. Este juguete est\u00e1 dise\u00f1ado para ayudar a los ni\u00f1os a familiarizarse con la relaci\u00f3n entre las expresiones oculares y los sentimientos. Incluye dos marionetas de mano, diferentes rasgos faciales y accesorios. Los adultos pueden colocar los ojos, la boca [&hellip;]<\/p>\n","protected":false},"featured_media":632603,"comment_status":"open","ping_status":"closed","template":"","meta":{"_et_pb_use_builder":"","_et_pb_old_content":"","_et_gb_content_width":""},"product_brand":[],"product_cat":[91,150,151],"product_tag":[],"class_list":{"0":"post-632604","1":"product","2":"type-product","3":"status-publish","4":"has-post-thumbnail","6":"product_cat-accesorios-sala","7":"product_cat-asociacion-y-logica","8":"product_cat-lenguaje","9":"pa_edad-3-a-4-anos","10":"pa_edad-4-a-5-anos","11":"pa_edad-5-a-6-anos","12":"pa_edad-6-a-8-anos","13":"pa_marca-kkids","14":"pa_medidas-22-x-16","15":"pa_medidas-5-cm","17":"first","18":"instock","19":"shipping-taxable","20":"purchasable","21":"product-type-simple"},"aioseo_notices":[],"_links":{"self":[{"href":"https:\/\/aukinkochile.com\/web\/wp-json\/wp\/v2\/product\/632604","targetHints":{"allow":["GET"]}}],"collection":[{"href":"https:\/\/aukinkochile.com\/web\/wp-json\/wp\/v2\/product"}],"about":[{"href":"https:\/\/aukinkochile.com\/web\/wp-json\/wp\/v2\/types\/product"}],"replies":[{"embeddable":true,"href":"https:\/\/aukinkochile.com\/web\/wp-json\/wp\/v2\/comments?post=632604"}],"wp:featuredmedia":[{"embeddable":true,"href":"https:\/\/aukinkochile.com\/web\/wp-json\/wp\/v2\/media\/632603"}],"wp:attachment":[{"href":"https:\/\/aukinkochile.com\/web\/wp-json\/wp\/v2\/media?parent=632604"}],"wp:term":[{"taxonomy":"product_brand","embeddable":true,"href":"https:\/\/aukinkochile.com\/web\/wp-json\/wp\/v2\/product_brand?post=632604"},{"taxonomy":"product_cat","embeddable":true,"href":"https:\/\/aukinkochile.com\/web\/wp-json\/wp\/v2\/product_cat?post=632604"},{"taxonomy":"product_tag","embeddable":true,"href":"https:\/\/aukinkochile.com\/web\/wp-json\/wp\/v2\/product_tag?post=632604"}],"curies":[{"name":"wp","href":"https:\/\/api.w.org\/{rel}","templated":true}]}}