{"id":632600,"date":"2025-08-25T21:17:28","date_gmt":"2025-08-25T21:17:28","guid":{"rendered":"https:\/\/aukinkochile.com\/web\/producto\/cojin-balance-equilibrio\/"},"modified":"2026-03-27T17:12:08","modified_gmt":"2026-03-27T17:12:08","slug":"cojin-balance-equilibrio","status":"publish","type":"product","link":"https:\/\/aukinkochile.com\/web\/producto\/cojin-balance-equilibrio\/","title":{"rendered":"Coj\u00edn Balance Equilibrio"},"content":{"rendered":"<p>Coj\u00edn de balance y equilibrio es un elemento sensorial para el entrenamiento de el equilibrio en los ni\u00f1os. Ideal para desarrollar la coordinaci\u00f3n y las funciones motoras. <\/p>\n<p><p><strong>Material : <\/strong> Pl\u00e1stico<\/p>\n<p><strong>C\u00f3digo Aukinko : <\/strong> 14-121019<\/p>\n<p><strong>C\u00f3digo Convenio Marco : <\/strong> x<\/p>\n","protected":false},"excerpt":{"rendered":"<p>Coj\u00edn de balance y equilibrio es un elemento sensorial para el entrenamiento de el equilibrio en los ni\u00f1os. Ideal para desarrollar la coordinaci\u00f3n y las funciones motoras. Material : Pl\u00e1stico C\u00f3digo Aukinko : 14-121019 C\u00f3digo Convenio Marco : x<\/p>\n","protected":false},"featured_media":623206,"comment_status":"open","ping_status":"closed","template":"","meta":{"_et_pb_use_builder":"","_et_pb_old_content":"","_et_gb_content_width":""},"product_brand":[],"product_cat":[91,18],"product_tag":[],"class_list":{"0":"post-632600","1":"product","2":"type-product","3":"status-publish","4":"has-post-thumbnail","6":"product_cat-accesorios-sala","7":"product_cat-motricidad-gruesa","8":"pa_edad-2-a-3-anos","9":"pa_edad-3-a-4-anos","10":"pa_edad-4-a-5-anos","11":"pa_edad-5-a-6-anos","12":"pa_edad-6-a-8-anos","13":"pa_marca-kkids","14":"pa_medidas-35-cm-diametro","16":"first","17":"instock","18":"shipping-taxable","19":"purchasable","20":"product-type-simple"},"aioseo_notices":[],"_links":{"self":[{"href":"https:\/\/aukinkochile.com\/web\/wp-json\/wp\/v2\/product\/632600","targetHints":{"allow":["GET"]}}],"collection":[{"href":"https:\/\/aukinkochile.com\/web\/wp-json\/wp\/v2\/product"}],"about":[{"href":"https:\/\/aukinkochile.com\/web\/wp-json\/wp\/v2\/types\/product"}],"replies":[{"embeddable":true,"href":"https:\/\/aukinkochile.com\/web\/wp-json\/wp\/v2\/comments?post=632600"}],"wp:featuredmedia":[{"embeddable":true,"href":"https:\/\/aukinkochile.com\/web\/wp-json\/wp\/v2\/media\/623206"}],"wp:attachment":[{"href":"https:\/\/aukinkochile.com\/web\/wp-json\/wp\/v2\/media?parent=632600"}],"wp:term":[{"taxonomy":"product_brand","embeddable":true,"href":"https:\/\/aukinkochile.com\/web\/wp-json\/wp\/v2\/product_brand?post=632600"},{"taxonomy":"product_cat","embeddable":true,"href":"https:\/\/aukinkochile.com\/web\/wp-json\/wp\/v2\/product_cat?post=632600"},{"taxonomy":"product_tag","embeddable":true,"href":"https:\/\/aukinkochile.com\/web\/wp-json\/wp\/v2\/product_tag?post=632600"}],"curies":[{"name":"wp","href":"https:\/\/api.w.org\/{rel}","templated":true}]}}