{"id":632599,"date":"2025-08-25T21:17:25","date_gmt":"2025-08-25T21:17:25","guid":{"rendered":"https:\/\/aukinkochile.com\/web\/producto\/juego-motricidad-huesitos\/"},"modified":"2025-11-26T21:59:26","modified_gmt":"2025-11-26T21:59:26","slug":"juego-motricidad-huesitos","status":"publish","type":"product","link":"https:\/\/aukinkochile.com\/web\/producto\/juego-motricidad-huesitos\/","title":{"rendered":"Juego Motricidad Huesitos"},"content":{"rendered":"<p>Con este divertido juguete los ni\u00f1os y ni\u00f1as podr\u00e1n ejercitar su motricidad fina mediante el agarre de una forma muy entretenida. Con un buen uso de los dedos, los m\u00e1s peque\u00f1os deben usar el palito para colocar los huesos en los tazones de su color. Un juego de clasificaci\u00f3n y estimulaci\u00f3n de la motricidad fina fabricado en material suave y resistente. Incluye: 6 vasos, 50 huesos de pl\u00e1stico de 5 colores, 1 palito. Largo del palo: 24,5 cm. Fabricado en material suave y resistente.<\/p>\n<p><p><strong>Material : <\/strong> Pl\u00e1stico<\/p>\n<p><strong>C\u00f3digo Aukinko : <\/strong> 14-121018<\/p>\n<p><strong>C\u00f3digo Convenio Marco : <\/strong> x<\/p>\n","protected":false},"excerpt":{"rendered":"<p>Con este divertido juguete los ni\u00f1os y ni\u00f1as podr\u00e1n ejercitar su motricidad fina mediante el agarre de una forma muy entretenida. Con un buen uso de los dedos, los m\u00e1s peque\u00f1os deben usar el palito para colocar los huesos en los tazones de su color. Un juego de clasificaci\u00f3n y estimulaci\u00f3n de la motricidad fina [&hellip;]<\/p>\n","protected":false},"featured_media":632598,"comment_status":"open","ping_status":"closed","template":"","meta":{"_et_pb_use_builder":"","_et_pb_old_content":"","_et_gb_content_width":""},"product_brand":[],"product_cat":[20],"product_tag":[],"class_list":{"0":"post-632599","1":"product","2":"type-product","3":"status-publish","4":"has-post-thumbnail","6":"product_cat-motricidad-fina","7":"pa_edad-5-a-6-anos","8":"pa_edad-6-a-8-anos","9":"pa_edad-8-a-10-anos","10":"pa_marca-kkids","11":"pa_medidas-4343","12":"pa_medidas-5-x-10-x-10-xm","14":"first","15":"instock","16":"shipping-taxable","17":"purchasable","18":"product-type-simple"},"aioseo_notices":[],"_links":{"self":[{"href":"https:\/\/aukinkochile.com\/web\/wp-json\/wp\/v2\/product\/632599","targetHints":{"allow":["GET"]}}],"collection":[{"href":"https:\/\/aukinkochile.com\/web\/wp-json\/wp\/v2\/product"}],"about":[{"href":"https:\/\/aukinkochile.com\/web\/wp-json\/wp\/v2\/types\/product"}],"replies":[{"embeddable":true,"href":"https:\/\/aukinkochile.com\/web\/wp-json\/wp\/v2\/comments?post=632599"}],"wp:featuredmedia":[{"embeddable":true,"href":"https:\/\/aukinkochile.com\/web\/wp-json\/wp\/v2\/media\/632598"}],"wp:attachment":[{"href":"https:\/\/aukinkochile.com\/web\/wp-json\/wp\/v2\/media?parent=632599"}],"wp:term":[{"taxonomy":"product_brand","embeddable":true,"href":"https:\/\/aukinkochile.com\/web\/wp-json\/wp\/v2\/product_brand?post=632599"},{"taxonomy":"product_cat","embeddable":true,"href":"https:\/\/aukinkochile.com\/web\/wp-json\/wp\/v2\/product_cat?post=632599"},{"taxonomy":"product_tag","embeddable":true,"href":"https:\/\/aukinkochile.com\/web\/wp-json\/wp\/v2\/product_tag?post=632599"}],"curies":[{"name":"wp","href":"https:\/\/api.w.org\/{rel}","templated":true}]}}