{"id":632597,"date":"2025-08-25T21:17:22","date_gmt":"2025-08-25T21:17:22","guid":{"rendered":"https:\/\/aukinkochile.com\/web\/producto\/titere-comida-saludable\/"},"modified":"2025-11-26T21:59:26","modified_gmt":"2025-11-26T21:59:26","slug":"titere-comida-saludable","status":"publish","type":"product","link":"https:\/\/aukinkochile.com\/web\/producto\/titere-comida-saludable\/","title":{"rendered":"T\u00edtere Comida Saludable"},"content":{"rendered":"<p>Un divertido juego educativo para estimular la comprensi\u00f3n de la importancia de la diversidad de alimentos con los m\u00e1s peque\u00f1os. Este juego est\u00e1 dise\u00f1ado para mejorar el problema de los ni\u00f1os y ni\u00f1as para comer. Este juego incluye una marioneta de mano y 34 tarjetas de alimentos. Las familias y los educadores pueden mostrar c\u00f3mo la marioneta disfruta de diferentes tipos de comida y su valor nutricional. Incluye una tarjeta de la pir\u00e1mide alimenticia que ense\u00f1a a los ni\u00f1os y ni\u00f1as la porci\u00f3n correcta de comida. Fabricado en material suave y resistente.<\/p>\n<p><p><strong>Material : <\/strong> Genero y Cart\u00f3n<\/p>\n<p><strong>C\u00f3digo Aukinko : <\/strong> 14-121012<\/p>\n<p><strong>C\u00f3digo Convenio Marco : <\/strong> x<\/p>\n","protected":false},"excerpt":{"rendered":"<p>Un divertido juego educativo para estimular la comprensi\u00f3n de la importancia de la diversidad de alimentos con los m\u00e1s peque\u00f1os. Este juego est\u00e1 dise\u00f1ado para mejorar el problema de los ni\u00f1os y ni\u00f1as para comer. Este juego incluye una marioneta de mano y 34 tarjetas de alimentos. Las familias y los educadores pueden mostrar c\u00f3mo [&hellip;]<\/p>\n","protected":false},"featured_media":632596,"comment_status":"open","ping_status":"closed","template":"","meta":{"_et_pb_use_builder":"","_et_pb_old_content":"","_et_gb_content_width":""},"product_brand":[],"product_cat":[91,150],"product_tag":[],"class_list":{"0":"post-632597","1":"product","2":"type-product","3":"status-publish","4":"has-post-thumbnail","6":"product_cat-accesorios-sala","7":"product_cat-asociacion-y-logica","8":"pa_edad-3-a-4-anos","9":"pa_edad-4-a-5-anos","10":"pa_edad-5-a-6-anos","11":"pa_edad-6-a-8-anos","12":"pa_marca-kkids","13":"pa_medidas-18-x-30-x-11-cm","15":"first","16":"instock","17":"shipping-taxable","18":"purchasable","19":"product-type-simple"},"aioseo_notices":[],"_links":{"self":[{"href":"https:\/\/aukinkochile.com\/web\/wp-json\/wp\/v2\/product\/632597","targetHints":{"allow":["GET"]}}],"collection":[{"href":"https:\/\/aukinkochile.com\/web\/wp-json\/wp\/v2\/product"}],"about":[{"href":"https:\/\/aukinkochile.com\/web\/wp-json\/wp\/v2\/types\/product"}],"replies":[{"embeddable":true,"href":"https:\/\/aukinkochile.com\/web\/wp-json\/wp\/v2\/comments?post=632597"}],"wp:featuredmedia":[{"embeddable":true,"href":"https:\/\/aukinkochile.com\/web\/wp-json\/wp\/v2\/media\/632596"}],"wp:attachment":[{"href":"https:\/\/aukinkochile.com\/web\/wp-json\/wp\/v2\/media?parent=632597"}],"wp:term":[{"taxonomy":"product_brand","embeddable":true,"href":"https:\/\/aukinkochile.com\/web\/wp-json\/wp\/v2\/product_brand?post=632597"},{"taxonomy":"product_cat","embeddable":true,"href":"https:\/\/aukinkochile.com\/web\/wp-json\/wp\/v2\/product_cat?post=632597"},{"taxonomy":"product_tag","embeddable":true,"href":"https:\/\/aukinkochile.com\/web\/wp-json\/wp\/v2\/product_tag?post=632597"}],"curies":[{"name":"wp","href":"https:\/\/api.w.org\/{rel}","templated":true}]}}