{"id":632593,"date":"2025-08-25T21:17:16","date_gmt":"2025-08-25T21:17:16","guid":{"rendered":"https:\/\/aukinkochile.com\/web\/producto\/pato-de-goma-set-6\/"},"modified":"2025-11-26T21:59:25","modified_gmt":"2025-11-26T21:59:25","slug":"pato-de-goma-set-6","status":"publish","type":"product","link":"https:\/\/aukinkochile.com\/web\/producto\/pato-de-goma-set-6\/","title":{"rendered":"Pato de Goma set 6"},"content":{"rendered":"<p>Set de 6 Patos de hule de diferentes colores. Especial para el ba\u00f1o. Livianos, y de un bonito dise\u00f1o y sonido al apretar. Envase para llevar de pl\u00e1stico transparente con asa.<\/p>\n<p><p><strong>Material : <\/strong> Goma<\/p>\n<p><strong>C\u00f3digo Aukinko : <\/strong> 14-116212<\/p>\n<p><strong>C\u00f3digo Convenio Marco : <\/strong> x<\/p>\n","protected":false},"excerpt":{"rendered":"<p>Set de 6 Patos de hule de diferentes colores. Especial para el ba\u00f1o. Livianos, y de un bonito dise\u00f1o y sonido al apretar. Envase para llevar de pl\u00e1stico transparente con asa. Material : Goma C\u00f3digo Aukinko : 14-116212 C\u00f3digo Convenio Marco : x<\/p>\n","protected":false},"featured_media":626040,"comment_status":"open","ping_status":"closed","template":"","meta":{"_et_pb_use_builder":"","_et_pb_old_content":"","_et_gb_content_width":""},"product_brand":[],"product_cat":[91,23],"product_tag":[],"class_list":{"0":"post-632593","1":"product","2":"type-product","3":"status-publish","4":"has-post-thumbnail","6":"product_cat-accesorios-sala","7":"product_cat-primeros-anos","8":"pa_edad-0-a-1-ano","9":"pa_edad-1-a-2-anos","10":"pa_edad-2-a-3-anos","11":"pa_marca-kkids","12":"pa_medidas-4469","13":"pa_medidas-5-x-5-x-6-cm","15":"first","16":"instock","17":"shipping-taxable","18":"purchasable","19":"product-type-simple"},"aioseo_notices":[],"_links":{"self":[{"href":"https:\/\/aukinkochile.com\/web\/wp-json\/wp\/v2\/product\/632593","targetHints":{"allow":["GET"]}}],"collection":[{"href":"https:\/\/aukinkochile.com\/web\/wp-json\/wp\/v2\/product"}],"about":[{"href":"https:\/\/aukinkochile.com\/web\/wp-json\/wp\/v2\/types\/product"}],"replies":[{"embeddable":true,"href":"https:\/\/aukinkochile.com\/web\/wp-json\/wp\/v2\/comments?post=632593"}],"wp:featuredmedia":[{"embeddable":true,"href":"https:\/\/aukinkochile.com\/web\/wp-json\/wp\/v2\/media\/626040"}],"wp:attachment":[{"href":"https:\/\/aukinkochile.com\/web\/wp-json\/wp\/v2\/media?parent=632593"}],"wp:term":[{"taxonomy":"product_brand","embeddable":true,"href":"https:\/\/aukinkochile.com\/web\/wp-json\/wp\/v2\/product_brand?post=632593"},{"taxonomy":"product_cat","embeddable":true,"href":"https:\/\/aukinkochile.com\/web\/wp-json\/wp\/v2\/product_cat?post=632593"},{"taxonomy":"product_tag","embeddable":true,"href":"https:\/\/aukinkochile.com\/web\/wp-json\/wp\/v2\/product_tag?post=632593"}],"curies":[{"name":"wp","href":"https:\/\/api.w.org\/{rel}","templated":true}]}}