{"id":632591,"date":"2025-08-25T21:17:11","date_gmt":"2025-08-25T21:17:11","guid":{"rendered":"https:\/\/aukinkochile.com\/web\/producto\/andador-actividades\/"},"modified":"2025-11-26T21:59:25","modified_gmt":"2025-11-26T21:59:25","slug":"andador-actividades","status":"publish","type":"product","link":"https:\/\/aukinkochile.com\/web\/producto\/andador-actividades\/","title":{"rendered":"Andador Actividades"},"content":{"rendered":"<p>Divertido andador con actividades para estimular a los ni\u00f1os y ni\u00f1as cuando est\u00e1n comenzando a caminar. Un juego seguro que permitir\u00e1 a los m\u00e1s peque\u00f1os lanzarse a caminar pasando horas de diversi\u00f3n. Sus 4 ruedas lo hacen muy seguro para dar los primeros pasos. Un juego con espejo, elementos de encaje, pelotas para lanzar, sonido y mucho m\u00e1s. Fabricado en material suave y resistente y colores vivos.<\/p>\n<p><p><strong>Material : <\/strong> Pl\u00e1stico<\/p>\n<p><strong>C\u00f3digo Aukinko : <\/strong> 14-110838<\/p>\n<p><strong>C\u00f3digo Convenio Marco : <\/strong> x<\/p>\n","protected":false},"excerpt":{"rendered":"<p>Divertido andador con actividades para estimular a los ni\u00f1os y ni\u00f1as cuando est\u00e1n comenzando a caminar. Un juego seguro que permitir\u00e1 a los m\u00e1s peque\u00f1os lanzarse a caminar pasando horas de diversi\u00f3n. Sus 4 ruedas lo hacen muy seguro para dar los primeros pasos. Un juego con espejo, elementos de encaje, pelotas para lanzar, sonido [&hellip;]<\/p>\n","protected":false},"featured_media":628327,"comment_status":"open","ping_status":"closed","template":"","meta":{"_et_pb_use_builder":"","_et_pb_old_content":"","_et_gb_content_width":""},"product_brand":[],"product_cat":[18,23],"product_tag":[],"class_list":{"0":"post-632591","1":"product","2":"type-product","3":"status-publish","4":"has-post-thumbnail","6":"product_cat-motricidad-gruesa","7":"product_cat-primeros-anos","8":"pa_edad-1-a-2-anos","9":"pa_marca-kkids","10":"pa_medidas-47-x-13","11":"pa_medidas-8-x-49-cm","13":"first","14":"instock","15":"shipping-taxable","16":"purchasable","17":"product-type-simple"},"aioseo_notices":[],"_links":{"self":[{"href":"https:\/\/aukinkochile.com\/web\/wp-json\/wp\/v2\/product\/632591","targetHints":{"allow":["GET"]}}],"collection":[{"href":"https:\/\/aukinkochile.com\/web\/wp-json\/wp\/v2\/product"}],"about":[{"href":"https:\/\/aukinkochile.com\/web\/wp-json\/wp\/v2\/types\/product"}],"replies":[{"embeddable":true,"href":"https:\/\/aukinkochile.com\/web\/wp-json\/wp\/v2\/comments?post=632591"}],"wp:featuredmedia":[{"embeddable":true,"href":"https:\/\/aukinkochile.com\/web\/wp-json\/wp\/v2\/media\/628327"}],"wp:attachment":[{"href":"https:\/\/aukinkochile.com\/web\/wp-json\/wp\/v2\/media?parent=632591"}],"wp:term":[{"taxonomy":"product_brand","embeddable":true,"href":"https:\/\/aukinkochile.com\/web\/wp-json\/wp\/v2\/product_brand?post=632591"},{"taxonomy":"product_cat","embeddable":true,"href":"https:\/\/aukinkochile.com\/web\/wp-json\/wp\/v2\/product_cat?post=632591"},{"taxonomy":"product_tag","embeddable":true,"href":"https:\/\/aukinkochile.com\/web\/wp-json\/wp\/v2\/product_tag?post=632591"}],"curies":[{"name":"wp","href":"https:\/\/api.w.org\/{rel}","templated":true}]}}