{"id":632585,"date":"2025-08-25T21:16:56","date_gmt":"2025-08-25T21:16:56","guid":{"rendered":"https:\/\/aukinkochile.com\/web\/producto\/alfombra-selva-con-animales\/"},"modified":"2025-11-26T21:59:21","modified_gmt":"2025-11-26T21:59:21","slug":"alfombra-selva-con-animales","status":"publish","type":"product","link":"https:\/\/aukinkochile.com\/web\/producto\/alfombra-selva-con-animales\/","title":{"rendered":"Alfombra Selva con Animales"},"content":{"rendered":"<p>Cuales son los animales de la selva? Este juego cuenta con una alfombra blanda de genero impresa con un fondo de selva con animales y con 9 animales de genero blanditos de la selva (cocodrilo, elefante, cebra, le\u00f3n, tigre, mono, jirafa, rinoceronte e hipop\u00f3tamo). El elefante mide 4 x 8,5 x 9 cm. 37 cm x 50 cm alfombra. Al cerrarse se convierte en una maleta con asas f\u00e1cil de transportar.<\/p>\n<p><p><strong>Material : <\/strong> Genero<\/p>\n<p><strong>C\u00f3digo Aukinko : <\/strong> 14-110744<\/p>\n<p><strong>C\u00f3digo Convenio Marco : <\/strong> x<\/p>\n","protected":false},"excerpt":{"rendered":"<p>Cuales son los animales de la selva? Este juego cuenta con una alfombra blanda de genero impresa con un fondo de selva con animales y con 9 animales de genero blanditos de la selva (cocodrilo, elefante, cebra, le\u00f3n, tigre, mono, jirafa, rinoceronte e hipop\u00f3tamo). El elefante mide 4 x 8,5 x 9 cm. 37 cm [&hellip;]<\/p>\n","protected":false},"featured_media":626002,"comment_status":"open","ping_status":"closed","template":"","meta":{"_et_pb_use_builder":"","_et_pb_old_content":"","_et_gb_content_width":""},"product_brand":[],"product_cat":[91,17,23],"product_tag":[],"class_list":{"0":"post-632585","1":"product","2":"type-product","3":"status-publish","4":"has-post-thumbnail","6":"product_cat-accesorios-sala","7":"product_cat-juegos-de-rol","8":"product_cat-primeros-anos","9":"pa_edad-0-a-1-ano","10":"pa_edad-1-a-2-anos","11":"pa_edad-2-a-3-anos","12":"pa_edad-3-a-4-anos","13":"pa_marca-kkids","14":"pa_medidas-38-x-25-x-9-cm","16":"first","17":"instock","18":"shipping-taxable","19":"purchasable","20":"product-type-simple"},"aioseo_notices":[],"_links":{"self":[{"href":"https:\/\/aukinkochile.com\/web\/wp-json\/wp\/v2\/product\/632585","targetHints":{"allow":["GET"]}}],"collection":[{"href":"https:\/\/aukinkochile.com\/web\/wp-json\/wp\/v2\/product"}],"about":[{"href":"https:\/\/aukinkochile.com\/web\/wp-json\/wp\/v2\/types\/product"}],"replies":[{"embeddable":true,"href":"https:\/\/aukinkochile.com\/web\/wp-json\/wp\/v2\/comments?post=632585"}],"wp:featuredmedia":[{"embeddable":true,"href":"https:\/\/aukinkochile.com\/web\/wp-json\/wp\/v2\/media\/626002"}],"wp:attachment":[{"href":"https:\/\/aukinkochile.com\/web\/wp-json\/wp\/v2\/media?parent=632585"}],"wp:term":[{"taxonomy":"product_brand","embeddable":true,"href":"https:\/\/aukinkochile.com\/web\/wp-json\/wp\/v2\/product_brand?post=632585"},{"taxonomy":"product_cat","embeddable":true,"href":"https:\/\/aukinkochile.com\/web\/wp-json\/wp\/v2\/product_cat?post=632585"},{"taxonomy":"product_tag","embeddable":true,"href":"https:\/\/aukinkochile.com\/web\/wp-json\/wp\/v2\/product_tag?post=632585"}],"curies":[{"name":"wp","href":"https:\/\/api.w.org\/{rel}","templated":true}]}}