{"id":632583,"date":"2025-08-25T21:16:51","date_gmt":"2025-08-25T21:16:51","guid":{"rendered":"https:\/\/aukinkochile.com\/web\/producto\/cubos-apilables-con-encajes\/"},"modified":"2025-11-26T21:59:20","modified_gmt":"2025-11-26T21:59:20","slug":"cubos-apilables-con-encajes","status":"publish","type":"product","link":"https:\/\/aukinkochile.com\/web\/producto\/cubos-apilables-con-encajes\/","title":{"rendered":"Cubos Apilables con Encajes"},"content":{"rendered":"<p>Cubos apilables con figuras de encaje. De pl\u00e1stico resistente. De hermosos colores<\/p>\n<p><p><strong>Material : <\/strong> Pl\u00e1stico<\/p>\n<p><strong>C\u00f3digo Aukinko : <\/strong> 14-110498<\/p>\n<p><strong>C\u00f3digo Convenio Marco : <\/strong> x<\/p>\n","protected":false},"excerpt":{"rendered":"<p>Cubos apilables con figuras de encaje. De pl\u00e1stico resistente. De hermosos colores Material : Pl\u00e1stico C\u00f3digo Aukinko : 14-110498 C\u00f3digo Convenio Marco : x<\/p>\n","protected":false},"featured_media":625992,"comment_status":"open","ping_status":"closed","template":"","meta":{"_et_pb_use_builder":"","_et_pb_old_content":"","_et_gb_content_width":""},"product_brand":[],"product_cat":[91,19,20,23],"product_tag":[],"class_list":{"0":"post-632583","1":"product","2":"type-product","3":"status-publish","4":"has-post-thumbnail","6":"product_cat-accesorios-sala","7":"product_cat-construccion","8":"product_cat-motricidad-fina","9":"product_cat-primeros-anos","10":"pa_edad-0-a-1-ano","11":"pa_edad-1-a-2-anos","12":"pa_edad-2-a-3-anos","13":"pa_marca-kkids","14":"pa_medidas-19-x-19-x-19-cm","16":"first","17":"instock","18":"shipping-taxable","19":"purchasable","20":"product-type-simple"},"aioseo_notices":[],"_links":{"self":[{"href":"https:\/\/aukinkochile.com\/web\/wp-json\/wp\/v2\/product\/632583","targetHints":{"allow":["GET"]}}],"collection":[{"href":"https:\/\/aukinkochile.com\/web\/wp-json\/wp\/v2\/product"}],"about":[{"href":"https:\/\/aukinkochile.com\/web\/wp-json\/wp\/v2\/types\/product"}],"replies":[{"embeddable":true,"href":"https:\/\/aukinkochile.com\/web\/wp-json\/wp\/v2\/comments?post=632583"}],"wp:featuredmedia":[{"embeddable":true,"href":"https:\/\/aukinkochile.com\/web\/wp-json\/wp\/v2\/media\/625992"}],"wp:attachment":[{"href":"https:\/\/aukinkochile.com\/web\/wp-json\/wp\/v2\/media?parent=632583"}],"wp:term":[{"taxonomy":"product_brand","embeddable":true,"href":"https:\/\/aukinkochile.com\/web\/wp-json\/wp\/v2\/product_brand?post=632583"},{"taxonomy":"product_cat","embeddable":true,"href":"https:\/\/aukinkochile.com\/web\/wp-json\/wp\/v2\/product_cat?post=632583"},{"taxonomy":"product_tag","embeddable":true,"href":"https:\/\/aukinkochile.com\/web\/wp-json\/wp\/v2\/product_tag?post=632583"}],"curies":[{"name":"wp","href":"https:\/\/api.w.org\/{rel}","templated":true}]}}