{"id":632458,"date":"2025-08-05T21:04:51","date_gmt":"2025-08-05T21:04:51","guid":{"rendered":"https:\/\/aukinkochile.com\/web\/producto\/crear-cuadros-purpurina-flores\/"},"modified":"2025-08-05T22:14:45","modified_gmt":"2025-08-05T22:14:45","slug":"crear-cuadros-purpurina-flores","status":"publish","type":"product","link":"https:\/\/aukinkochile.com\/web\/producto\/crear-cuadros-purpurina-flores\/","title":{"rendered":"Crear Cuadros Purpurina Flores"},"content":{"rendered":"<p>4 hermosas im\u00e1genes para iluminar con brillo. El glitter se proporciona en un tubo peque\u00f1o para facilitar la decoraci\u00f3n. Incluye un cepillo para ayudar a barrer el brillo suelto. 4 tablas para decorar, 6 tubos de purpurina, pincel y folleto de instrucciones.<\/p>\n<p><p><strong>Material : <\/strong> Papel y Porpurina<\/p>\n<p><strong>C\u00f3digo Aukinko : <\/strong> 14-59508<\/p>\n<p><strong>C\u00f3digo Convenio Marco : <\/strong> x<\/p>\n","protected":false},"excerpt":{"rendered":"<p>4 hermosas im\u00e1genes para iluminar con brillo. El glitter se proporciona en un tubo peque\u00f1o para facilitar la decoraci\u00f3n. Incluye un cepillo para ayudar a barrer el brillo suelto. 4 tablas para decorar, 6 tubos de purpurina, pincel y folleto de instrucciones. Material : Papel y Porpurina C\u00f3digo Aukinko : 14-59508 C\u00f3digo Convenio Marco : [&hellip;]<\/p>\n","protected":false},"featured_media":624324,"comment_status":"open","ping_status":"closed","template":"","meta":{"_et_pb_use_builder":"","_et_pb_old_content":"","_et_gb_content_width":""},"product_brand":[],"product_cat":[21,20],"product_tag":[],"class_list":{"0":"post-632458","1":"product","2":"type-product","3":"status-publish","4":"has-post-thumbnail","6":"product_cat-arte-y-manipulacion","7":"product_cat-motricidad-fina","8":"pa_edad-10-anos","9":"pa_edad-6-a-8-anos","10":"pa_edad-8-a-10-anos","11":"pa_marca-djeco","12":"pa_medidas-4320","13":"pa_medidas-5-x-23-x-4-cm","15":"first","16":"instock","17":"shipping-taxable","18":"purchasable","19":"product-type-simple"},"aioseo_notices":[],"_links":{"self":[{"href":"https:\/\/aukinkochile.com\/web\/wp-json\/wp\/v2\/product\/632458","targetHints":{"allow":["GET"]}}],"collection":[{"href":"https:\/\/aukinkochile.com\/web\/wp-json\/wp\/v2\/product"}],"about":[{"href":"https:\/\/aukinkochile.com\/web\/wp-json\/wp\/v2\/types\/product"}],"replies":[{"embeddable":true,"href":"https:\/\/aukinkochile.com\/web\/wp-json\/wp\/v2\/comments?post=632458"}],"wp:featuredmedia":[{"embeddable":true,"href":"https:\/\/aukinkochile.com\/web\/wp-json\/wp\/v2\/media\/624324"}],"wp:attachment":[{"href":"https:\/\/aukinkochile.com\/web\/wp-json\/wp\/v2\/media?parent=632458"}],"wp:term":[{"taxonomy":"product_brand","embeddable":true,"href":"https:\/\/aukinkochile.com\/web\/wp-json\/wp\/v2\/product_brand?post=632458"},{"taxonomy":"product_cat","embeddable":true,"href":"https:\/\/aukinkochile.com\/web\/wp-json\/wp\/v2\/product_cat?post=632458"},{"taxonomy":"product_tag","embeddable":true,"href":"https:\/\/aukinkochile.com\/web\/wp-json\/wp\/v2\/product_tag?post=632458"}],"curies":[{"name":"wp","href":"https:\/\/api.w.org\/{rel}","templated":true}]}}