{"id":632385,"date":"2025-08-05T21:02:50","date_gmt":"2025-08-05T21:02:50","guid":{"rendered":"https:\/\/aukinkochile.com\/web\/producto\/stickers-texturas-oceano\/"},"modified":"2025-08-05T22:14:40","modified_gmt":"2025-08-05T22:14:40","slug":"stickers-texturas-oceano","status":"publish","type":"product","link":"https:\/\/aukinkochile.com\/web\/producto\/stickers-texturas-oceano\/","title":{"rendered":"Stickers Texturas Oc\u00e9ano"},"content":{"rendered":"<p>Una colecci\u00f3n de 160 stickers de personajes del oc\u00e9ano metalizados. Incluye 4 hojas de 200 x 200 mm: 2 x 2 dise\u00f1os. Fabricado en papel y cart\u00f3n fsc certificado. Un juego ideal para que los mas peque\u00f1os creen historias estimulando el desarrollo del lenguaje y dejando volar su imaginaci\u00f3n.<\/p>\n<p><p><strong>Material : <\/strong> Papel y Cart\u00f3n FSC<\/p>\n<p><strong>C\u00f3digo Aukinko : <\/strong> 14-59278<\/p>\n<p><strong>C\u00f3digo Convenio Marco : <\/strong> x<\/p>\n","protected":false},"excerpt":{"rendered":"<p>Una colecci\u00f3n de 160 stickers de personajes del oc\u00e9ano metalizados. Incluye 4 hojas de 200 x 200 mm: 2 x 2 dise\u00f1os. Fabricado en papel y cart\u00f3n fsc certificado. Un juego ideal para que los mas peque\u00f1os creen historias estimulando el desarrollo del lenguaje y dejando volar su imaginaci\u00f3n. Material : Papel y Cart\u00f3n FSC [&hellip;]<\/p>\n","protected":false},"featured_media":624279,"comment_status":"open","ping_status":"closed","template":"","meta":{"_et_pb_use_builder":"","_et_pb_old_content":"","_et_gb_content_width":""},"product_brand":[],"product_cat":[21],"product_tag":[],"class_list":{"0":"post-632385","1":"product","2":"type-product","3":"status-publish","4":"has-post-thumbnail","6":"product_cat-arte-y-manipulacion","7":"pa_edad-4-a-5-anos","8":"pa_edad-5-a-6-anos","9":"pa_edad-6-a-8-anos","10":"pa_marca-djeco","11":"pa_medidas-22-x-23-x-0","12":"pa_medidas-3-cm","14":"first","15":"instock","16":"shipping-taxable","17":"purchasable","18":"product-type-simple"},"aioseo_notices":[],"_links":{"self":[{"href":"https:\/\/aukinkochile.com\/web\/wp-json\/wp\/v2\/product\/632385","targetHints":{"allow":["GET"]}}],"collection":[{"href":"https:\/\/aukinkochile.com\/web\/wp-json\/wp\/v2\/product"}],"about":[{"href":"https:\/\/aukinkochile.com\/web\/wp-json\/wp\/v2\/types\/product"}],"replies":[{"embeddable":true,"href":"https:\/\/aukinkochile.com\/web\/wp-json\/wp\/v2\/comments?post=632385"}],"wp:featuredmedia":[{"embeddable":true,"href":"https:\/\/aukinkochile.com\/web\/wp-json\/wp\/v2\/media\/624279"}],"wp:attachment":[{"href":"https:\/\/aukinkochile.com\/web\/wp-json\/wp\/v2\/media?parent=632385"}],"wp:term":[{"taxonomy":"product_brand","embeddable":true,"href":"https:\/\/aukinkochile.com\/web\/wp-json\/wp\/v2\/product_brand?post=632385"},{"taxonomy":"product_cat","embeddable":true,"href":"https:\/\/aukinkochile.com\/web\/wp-json\/wp\/v2\/product_cat?post=632385"},{"taxonomy":"product_tag","embeddable":true,"href":"https:\/\/aukinkochile.com\/web\/wp-json\/wp\/v2\/product_tag?post=632385"}],"curies":[{"name":"wp","href":"https:\/\/api.w.org\/{rel}","templated":true}]}}