{"id":632372,"date":"2025-08-05T21:02:26","date_gmt":"2025-08-05T21:02:26","guid":{"rendered":"https:\/\/aukinkochile.com\/web\/producto\/animales-goma-granja-7-pz\/"},"modified":"2025-08-05T22:14:38","modified_gmt":"2025-08-05T22:14:38","slug":"animales-goma-granja-7-pz","status":"publish","type":"product","link":"https:\/\/aukinkochile.com\/web\/producto\/animales-goma-granja-7-pz\/","title":{"rendered":"Animales Goma Granja 7 pz"},"content":{"rendered":"<p>Entretenidos animales ideales para las manos peque\u00f1as. Excelentes acompa\u00f1antes para el ba\u00f1o. Livianos y suaves. Caballo, chancho, vaca, gallina, gato, conejo y perro. Aprende a reconocerlos mientras creas divertidos juegos para la  imaginaci\u00f3n.<\/p>\n<p><p><strong>Material : <\/strong> Goma<\/p>\n<p><strong>C\u00f3digo Aukinko : <\/strong> 14-59116<\/p>\n<p><strong>C\u00f3digo Convenio Marco : <\/strong> x<\/p>\n","protected":false},"excerpt":{"rendered":"<p>Entretenidos animales ideales para las manos peque\u00f1as. Excelentes acompa\u00f1antes para el ba\u00f1o. Livianos y suaves. Caballo, chancho, vaca, gallina, gato, conejo y perro. Aprende a reconocerlos mientras creas divertidos juegos para la imaginaci\u00f3n. Material : Goma C\u00f3digo Aukinko : 14-59116 C\u00f3digo Convenio Marco : x<\/p>\n","protected":false},"featured_media":602520,"comment_status":"open","ping_status":"closed","template":"","meta":{"_et_pb_use_builder":"","_et_pb_old_content":"","_et_gb_content_width":""},"product_brand":[],"product_cat":[23],"product_tag":[],"class_list":{"0":"post-632372","1":"product","2":"type-product","3":"status-publish","4":"has-post-thumbnail","6":"product_cat-primeros-anos","7":"pa_edad-0-a-1-ano","8":"pa_edad-1-a-2-anos","9":"pa_edad-2-a-3-anos","10":"pa_marca-djeco","11":"pa_medidas-15-x-9","12":"pa_medidas-5-cm","13":"pa_medidas-5-x-9","15":"first","16":"instock","17":"shipping-taxable","18":"purchasable","19":"product-type-simple"},"aioseo_notices":[],"_links":{"self":[{"href":"https:\/\/aukinkochile.com\/web\/wp-json\/wp\/v2\/product\/632372","targetHints":{"allow":["GET"]}}],"collection":[{"href":"https:\/\/aukinkochile.com\/web\/wp-json\/wp\/v2\/product"}],"about":[{"href":"https:\/\/aukinkochile.com\/web\/wp-json\/wp\/v2\/types\/product"}],"replies":[{"embeddable":true,"href":"https:\/\/aukinkochile.com\/web\/wp-json\/wp\/v2\/comments?post=632372"}],"wp:featuredmedia":[{"embeddable":true,"href":"https:\/\/aukinkochile.com\/web\/wp-json\/wp\/v2\/media\/602520"}],"wp:attachment":[{"href":"https:\/\/aukinkochile.com\/web\/wp-json\/wp\/v2\/media?parent=632372"}],"wp:term":[{"taxonomy":"product_brand","embeddable":true,"href":"https:\/\/aukinkochile.com\/web\/wp-json\/wp\/v2\/product_brand?post=632372"},{"taxonomy":"product_cat","embeddable":true,"href":"https:\/\/aukinkochile.com\/web\/wp-json\/wp\/v2\/product_cat?post=632372"},{"taxonomy":"product_tag","embeddable":true,"href":"https:\/\/aukinkochile.com\/web\/wp-json\/wp\/v2\/product_tag?post=632372"}],"curies":[{"name":"wp","href":"https:\/\/api.w.org\/{rel}","templated":true}]}}