{"id":632296,"date":"2025-08-05T20:17:26","date_gmt":"2025-08-05T20:17:26","guid":{"rendered":"https:\/\/aukinkochile.com\/web\/producto\/juego-de-mesa-casa-katudi\/"},"modified":"2025-08-05T22:14:25","modified_gmt":"2025-08-05T22:14:25","slug":"juego-de-mesa-casa-katudi","status":"publish","type":"product","link":"https:\/\/aukinkochile.com\/web\/producto\/juego-de-mesa-casa-katudi\/","title":{"rendered":"Juego de Mesa Casa Katudi"},"content":{"rendered":"<p>Divertido juego de mesa de escucha y lenguaje. Los jugadores deben describir con la mayor precisi\u00f3n posible y escuchar con atenci\u00f3n, estas son las claves para ayudar a los jugadores a reconocer las tarjetas sobre los tableros que explica el l\u00edder del juego. Este juego desarrolla el vocabulario, la expresi\u00f3n oral, el sentido de la observaci\u00f3n y la escucha y contiene las hermosas ilustraciones de Djeco. Para jugar de 2 a 4 jugadores, tiempo aproximado 15 minutos.<\/p>\n<p><p><strong>Material : <\/strong> Cart\u00f3n<\/p>\n<p><strong>C\u00f3digo Aukinko : <\/strong> 14-58584<\/p>\n<p><strong>C\u00f3digo Convenio Marco : <\/strong> x<\/p>\n","protected":false},"excerpt":{"rendered":"<p>Divertido juego de mesa de escucha y lenguaje. Los jugadores deben describir con la mayor precisi\u00f3n posible y escuchar con atenci\u00f3n, estas son las claves para ayudar a los jugadores a reconocer las tarjetas sobre los tableros que explica el l\u00edder del juego. Este juego desarrolla el vocabulario, la expresi\u00f3n oral, el sentido de la [&hellip;]<\/p>\n","protected":false},"featured_media":624159,"comment_status":"open","ping_status":"closed","template":"","meta":{"_et_pb_use_builder":"","_et_pb_old_content":"","_et_gb_content_width":""},"product_brand":[],"product_cat":[149],"product_tag":[],"class_list":{"0":"post-632296","1":"product","2":"type-product","3":"status-publish","4":"has-post-thumbnail","6":"product_cat-juegos-de-mesa","7":"pa_edad-5-a-6-anos","8":"pa_edad-6-a-8-anos","9":"pa_edad-8-a-10-anos","10":"pa_marca-djeco","11":"pa_medidas-4453","12":"pa_medidas-5-x-21","13":"pa_medidas-5-x-5-cm","15":"first","16":"instock","17":"shipping-taxable","18":"purchasable","19":"product-type-simple"},"aioseo_notices":[],"_links":{"self":[{"href":"https:\/\/aukinkochile.com\/web\/wp-json\/wp\/v2\/product\/632296","targetHints":{"allow":["GET"]}}],"collection":[{"href":"https:\/\/aukinkochile.com\/web\/wp-json\/wp\/v2\/product"}],"about":[{"href":"https:\/\/aukinkochile.com\/web\/wp-json\/wp\/v2\/types\/product"}],"replies":[{"embeddable":true,"href":"https:\/\/aukinkochile.com\/web\/wp-json\/wp\/v2\/comments?post=632296"}],"wp:featuredmedia":[{"embeddable":true,"href":"https:\/\/aukinkochile.com\/web\/wp-json\/wp\/v2\/media\/624159"}],"wp:attachment":[{"href":"https:\/\/aukinkochile.com\/web\/wp-json\/wp\/v2\/media?parent=632296"}],"wp:term":[{"taxonomy":"product_brand","embeddable":true,"href":"https:\/\/aukinkochile.com\/web\/wp-json\/wp\/v2\/product_brand?post=632296"},{"taxonomy":"product_cat","embeddable":true,"href":"https:\/\/aukinkochile.com\/web\/wp-json\/wp\/v2\/product_cat?post=632296"},{"taxonomy":"product_tag","embeddable":true,"href":"https:\/\/aukinkochile.com\/web\/wp-json\/wp\/v2\/product_tag?post=632296"}],"curies":[{"name":"wp","href":"https:\/\/api.w.org\/{rel}","templated":true}]}}