{"id":632279,"date":"2025-08-05T20:16:54","date_gmt":"2025-08-05T20:16:54","guid":{"rendered":"https:\/\/aukinkochile.com\/web\/producto\/juego-de-mesa-los-tres-cerditos-y-el-lobo\/"},"modified":"2025-08-05T22:14:16","modified_gmt":"2025-08-05T22:14:16","slug":"juego-de-mesa-los-tres-cerditos-y-el-lobo","status":"publish","type":"product","link":"https:\/\/aukinkochile.com\/web\/producto\/juego-de-mesa-los-tres-cerditos-y-el-lobo\/","title":{"rendered":"Juego de Mesa Los Tres Cerditos y El Lobo"},"content":{"rendered":"<p>Un juego de cooperaci\u00f3n. Los jugadores intentan construir la casa de ladrillo para que los 3 cerditos est\u00e9n seguros antes de que el lobo los atrape y se los coma.<\/p>\n<p><p><strong>Material : <\/strong> Cart\u00f3n y Madera<\/p>\n<p><strong>C\u00f3digo Aukinko : <\/strong> 14-58427<\/p>\n<p><strong>C\u00f3digo Convenio Marco : <\/strong> x<\/p>\n","protected":false},"excerpt":{"rendered":"<p>Un juego de cooperaci\u00f3n. Los jugadores intentan construir la casa de ladrillo para que los 3 cerditos est\u00e9n seguros antes de que el lobo los atrape y se los coma. Material : Cart\u00f3n y Madera C\u00f3digo Aukinko : 14-58427 C\u00f3digo Convenio Marco : x<\/p>\n","protected":false},"featured_media":624127,"comment_status":"open","ping_status":"closed","template":"","meta":{"_et_pb_use_builder":"","_et_pb_old_content":"","_et_gb_content_width":""},"product_brand":[],"product_cat":[149],"product_tag":[],"class_list":{"0":"post-632279","1":"product","2":"type-product","3":"status-publish","4":"has-post-thumbnail","6":"product_cat-juegos-de-mesa","7":"pa_edad-5-a-6-anos","8":"pa_edad-6-a-8-anos","9":"pa_edad-8-a-10-anos","10":"pa_marca-djeco","11":"pa_medidas-30-x-28-x-5-cm","13":"first","14":"instock","15":"shipping-taxable","16":"purchasable","17":"product-type-simple"},"aioseo_notices":[],"_links":{"self":[{"href":"https:\/\/aukinkochile.com\/web\/wp-json\/wp\/v2\/product\/632279","targetHints":{"allow":["GET"]}}],"collection":[{"href":"https:\/\/aukinkochile.com\/web\/wp-json\/wp\/v2\/product"}],"about":[{"href":"https:\/\/aukinkochile.com\/web\/wp-json\/wp\/v2\/types\/product"}],"replies":[{"embeddable":true,"href":"https:\/\/aukinkochile.com\/web\/wp-json\/wp\/v2\/comments?post=632279"}],"wp:featuredmedia":[{"embeddable":true,"href":"https:\/\/aukinkochile.com\/web\/wp-json\/wp\/v2\/media\/624127"}],"wp:attachment":[{"href":"https:\/\/aukinkochile.com\/web\/wp-json\/wp\/v2\/media?parent=632279"}],"wp:term":[{"taxonomy":"product_brand","embeddable":true,"href":"https:\/\/aukinkochile.com\/web\/wp-json\/wp\/v2\/product_brand?post=632279"},{"taxonomy":"product_cat","embeddable":true,"href":"https:\/\/aukinkochile.com\/web\/wp-json\/wp\/v2\/product_cat?post=632279"},{"taxonomy":"product_tag","embeddable":true,"href":"https:\/\/aukinkochile.com\/web\/wp-json\/wp\/v2\/product_tag?post=632279"}],"curies":[{"name":"wp","href":"https:\/\/api.w.org\/{rel}","templated":true}]}}