{"id":632270,"date":"2025-08-05T20:16:32","date_gmt":"2025-08-05T20:16:32","guid":{"rendered":"https:\/\/aukinkochile.com\/web\/producto\/puzle-duo-sombras\/"},"modified":"2025-08-05T22:14:10","modified_gmt":"2025-08-05T22:14:10","slug":"puzle-duo-sombras","status":"publish","type":"product","link":"https:\/\/aukinkochile.com\/web\/producto\/puzle-duo-sombras\/","title":{"rendered":"Puzle D\u00fao Sombras"},"content":{"rendered":"<p>Hermoso juego de puzles de sombras con los que los ni\u00f1os y ni\u00f1as deben asociar a cada animal con su sombra o silueta. Un juego divertido y simple de asociaci\u00f3n para estimular la observaci\u00f3n en la primera infancia. Presentado en una colorida caja con una cuerda para llevarla a todas partes de forma c\u00f3moda. Incluye 12 Puzles de 2 piezas cada uno. Fabricado en cart\u00f3n y papel FSC certificado.<\/p>\n<p><p><strong>Material : <\/strong> Papel y Cart\u00f3n FSC<\/p>\n<p><strong>C\u00f3digo Aukinko : <\/strong> 14-58187<\/p>\n<p><strong>C\u00f3digo Convenio Marco : <\/strong> x<\/p>\n","protected":false},"excerpt":{"rendered":"<p>Hermoso juego de puzles de sombras con los que los ni\u00f1os y ni\u00f1as deben asociar a cada animal con su sombra o silueta. Un juego divertido y simple de asociaci\u00f3n para estimular la observaci\u00f3n en la primera infancia. Presentado en una colorida caja con una cuerda para llevarla a todas partes de forma c\u00f3moda. Incluye [&hellip;]<\/p>\n","protected":false},"featured_media":624102,"comment_status":"open","ping_status":"closed","template":"","meta":{"_et_pb_use_builder":"","_et_pb_old_content":"","_et_gb_content_width":""},"product_brand":[],"product_cat":[150,22],"product_tag":[],"class_list":{"0":"post-632270","1":"product","2":"type-product","3":"status-publish","4":"has-post-thumbnail","6":"product_cat-asociacion-y-logica","7":"product_cat-puzzles","8":"pa_edad-2-a-3-anos","9":"pa_marca-djeco","10":"pa_medidas-19-x-10-x-7-cm","12":"first","13":"instock","14":"shipping-taxable","15":"purchasable","16":"product-type-simple"},"aioseo_notices":[],"_links":{"self":[{"href":"https:\/\/aukinkochile.com\/web\/wp-json\/wp\/v2\/product\/632270","targetHints":{"allow":["GET"]}}],"collection":[{"href":"https:\/\/aukinkochile.com\/web\/wp-json\/wp\/v2\/product"}],"about":[{"href":"https:\/\/aukinkochile.com\/web\/wp-json\/wp\/v2\/types\/product"}],"replies":[{"embeddable":true,"href":"https:\/\/aukinkochile.com\/web\/wp-json\/wp\/v2\/comments?post=632270"}],"wp:featuredmedia":[{"embeddable":true,"href":"https:\/\/aukinkochile.com\/web\/wp-json\/wp\/v2\/media\/624102"}],"wp:attachment":[{"href":"https:\/\/aukinkochile.com\/web\/wp-json\/wp\/v2\/media?parent=632270"}],"wp:term":[{"taxonomy":"product_brand","embeddable":true,"href":"https:\/\/aukinkochile.com\/web\/wp-json\/wp\/v2\/product_brand?post=632270"},{"taxonomy":"product_cat","embeddable":true,"href":"https:\/\/aukinkochile.com\/web\/wp-json\/wp\/v2\/product_cat?post=632270"},{"taxonomy":"product_tag","embeddable":true,"href":"https:\/\/aukinkochile.com\/web\/wp-json\/wp\/v2\/product_tag?post=632270"}],"curies":[{"name":"wp","href":"https:\/\/api.w.org\/{rel}","templated":true}]}}