{"id":632269,"date":"2025-08-05T20:16:29","date_gmt":"2025-08-05T20:16:29","guid":{"rendered":"https:\/\/aukinkochile.com\/web\/producto\/puzle-duo-habitat\/"},"modified":"2025-08-05T22:14:10","modified_gmt":"2025-08-05T22:14:10","slug":"puzle-duo-habitat","status":"publish","type":"product","link":"https:\/\/aukinkochile.com\/web\/producto\/puzle-duo-habitat\/","title":{"rendered":"Puzle D\u00fao H\u00e1bitat"},"content":{"rendered":"<p>12 Puzles de 2 piezas cada uno. Para aprender a calzar las piezas y asociar a el h\u00e1bitat de cada animal. De gran calidad y resistencia. Precioso dise\u00f1o.<\/p>\n<p><p><strong>Material : <\/strong> Cart\u00f3n Duro<\/p>\n<p><strong>C\u00f3digo Aukinko : <\/strong> 14-58164<\/p>\n<p><strong>C\u00f3digo Convenio Marco : <\/strong> x<\/p>\n","protected":false},"excerpt":{"rendered":"<p>12 Puzles de 2 piezas cada uno. Para aprender a calzar las piezas y asociar a el h\u00e1bitat de cada animal. De gran calidad y resistencia. Precioso dise\u00f1o. Material : Cart\u00f3n Duro C\u00f3digo Aukinko : 14-58164 C\u00f3digo Convenio Marco : x<\/p>\n","protected":false},"featured_media":624098,"comment_status":"open","ping_status":"closed","template":"","meta":{"_et_pb_use_builder":"","_et_pb_old_content":"","_et_gb_content_width":""},"product_brand":[],"product_cat":[20,22],"product_tag":[],"class_list":{"0":"post-632269","1":"product","2":"type-product","3":"status-publish","4":"has-post-thumbnail","6":"product_cat-motricidad-fina","7":"product_cat-puzzles","8":"pa_edad-2-a-3-anos","9":"pa_edad-3-a-4-anos","10":"pa_edad-4-a-5-anos","11":"pa_marca-djeco","12":"pa_medidas-18-x-12-x-6-cm","14":"first","15":"instock","16":"shipping-taxable","17":"purchasable","18":"product-type-simple"},"aioseo_notices":[],"_links":{"self":[{"href":"https:\/\/aukinkochile.com\/web\/wp-json\/wp\/v2\/product\/632269","targetHints":{"allow":["GET"]}}],"collection":[{"href":"https:\/\/aukinkochile.com\/web\/wp-json\/wp\/v2\/product"}],"about":[{"href":"https:\/\/aukinkochile.com\/web\/wp-json\/wp\/v2\/types\/product"}],"replies":[{"embeddable":true,"href":"https:\/\/aukinkochile.com\/web\/wp-json\/wp\/v2\/comments?post=632269"}],"wp:featuredmedia":[{"embeddable":true,"href":"https:\/\/aukinkochile.com\/web\/wp-json\/wp\/v2\/media\/624098"}],"wp:attachment":[{"href":"https:\/\/aukinkochile.com\/web\/wp-json\/wp\/v2\/media?parent=632269"}],"wp:term":[{"taxonomy":"product_brand","embeddable":true,"href":"https:\/\/aukinkochile.com\/web\/wp-json\/wp\/v2\/product_brand?post=632269"},{"taxonomy":"product_cat","embeddable":true,"href":"https:\/\/aukinkochile.com\/web\/wp-json\/wp\/v2\/product_cat?post=632269"},{"taxonomy":"product_tag","embeddable":true,"href":"https:\/\/aukinkochile.com\/web\/wp-json\/wp\/v2\/product_tag?post=632269"}],"curies":[{"name":"wp","href":"https:\/\/api.w.org\/{rel}","templated":true}]}}