{"id":632230,"date":"2025-08-05T20:15:22","date_gmt":"2025-08-05T20:15:22","guid":{"rendered":"https:\/\/aukinkochile.com\/web\/producto\/puzle-galery-1-000-pz-tierra-y-mar\/"},"modified":"2025-08-05T22:14:03","modified_gmt":"2025-08-05T22:14:03","slug":"puzle-galery-1-000-pz-tierra-y-mar","status":"publish","type":"product","link":"https:\/\/aukinkochile.com\/web\/producto\/puzle-galery-1-000-pz-tierra-y-mar\/","title":{"rendered":"Puzle Galery 1.000 pz Tierra y Mar"},"content":{"rendered":"<p>Un fascinante Puzle de observaci\u00f3n, dise\u00f1ado por un artista, con hermosos detalles para descubrir en cada rinc\u00f3n. Para entretenerse largo rato desarrollando la paciencia y la atenci\u00f3n. \u00a1El resultado final parece mas una obra de arte que un Puzle! Puzle armado 97 x 33 cm.<\/p>\n<p><p><strong>Material : <\/strong> Cart\u00f3n FSC<\/p>\n<p><strong>C\u00f3digo Aukinko : <\/strong> 14-57646<\/p>\n<p><strong>C\u00f3digo Convenio Marco : <\/strong> x<\/p>\n","protected":false},"excerpt":{"rendered":"<p>Un fascinante Puzle de observaci\u00f3n, dise\u00f1ado por un artista, con hermosos detalles para descubrir en cada rinc\u00f3n. Para entretenerse largo rato desarrollando la paciencia y la atenci\u00f3n. \u00a1El resultado final parece mas una obra de arte que un Puzle! Puzle armado 97 x 33 cm. Material : Cart\u00f3n FSC C\u00f3digo Aukinko : 14-57646 C\u00f3digo Convenio [&hellip;]<\/p>\n","protected":false},"featured_media":624027,"comment_status":"open","ping_status":"closed","template":"","meta":{"_et_pb_use_builder":"","_et_pb_old_content":"","_et_gb_content_width":""},"product_brand":[],"product_cat":[20,22],"product_tag":[],"class_list":{"0":"post-632230","1":"product","2":"type-product","3":"status-publish","4":"has-post-thumbnail","6":"product_cat-motricidad-fina","7":"product_cat-puzzles","8":"pa_edad-10-anos","9":"pa_marca-djeco","10":"pa_medidas-97-x-33-cm","12":"first","13":"instock","14":"shipping-taxable","15":"purchasable","16":"product-type-simple"},"aioseo_notices":[],"_links":{"self":[{"href":"https:\/\/aukinkochile.com\/web\/wp-json\/wp\/v2\/product\/632230","targetHints":{"allow":["GET"]}}],"collection":[{"href":"https:\/\/aukinkochile.com\/web\/wp-json\/wp\/v2\/product"}],"about":[{"href":"https:\/\/aukinkochile.com\/web\/wp-json\/wp\/v2\/types\/product"}],"replies":[{"embeddable":true,"href":"https:\/\/aukinkochile.com\/web\/wp-json\/wp\/v2\/comments?post=632230"}],"wp:featuredmedia":[{"embeddable":true,"href":"https:\/\/aukinkochile.com\/web\/wp-json\/wp\/v2\/media\/624027"}],"wp:attachment":[{"href":"https:\/\/aukinkochile.com\/web\/wp-json\/wp\/v2\/media?parent=632230"}],"wp:term":[{"taxonomy":"product_brand","embeddable":true,"href":"https:\/\/aukinkochile.com\/web\/wp-json\/wp\/v2\/product_brand?post=632230"},{"taxonomy":"product_cat","embeddable":true,"href":"https:\/\/aukinkochile.com\/web\/wp-json\/wp\/v2\/product_cat?post=632230"},{"taxonomy":"product_tag","embeddable":true,"href":"https:\/\/aukinkochile.com\/web\/wp-json\/wp\/v2\/product_tag?post=632230"}],"curies":[{"name":"wp","href":"https:\/\/api.w.org\/{rel}","templated":true}]}}