{"id":632187,"date":"2025-08-05T20:13:43","date_gmt":"2025-08-05T20:13:43","guid":{"rendered":"https:\/\/aukinkochile.com\/web\/producto\/puzle-gigante-36-pz-desfile-de-animales\/"},"modified":"2025-08-05T22:13:12","modified_gmt":"2025-08-05T22:13:12","slug":"puzle-gigante-36-pz-desfile-de-animales","status":"publish","type":"product","link":"https:\/\/aukinkochile.com\/web\/producto\/puzle-gigante-36-pz-desfile-de-animales\/","title":{"rendered":"Puzle Gigante 36 pz Desfile De Animales"},"content":{"rendered":"<p>Precioso Puzle gigante de 36 pz. Un desfile de animales que al armarlo mide 133 cm de largo. De gran calidad y dise\u00f1o.<\/p>\n<p><p><strong>Material : <\/strong> Cart\u00f3n FSC<\/p>\n<p><strong>C\u00f3digo Aukinko : <\/strong> 14-57171<\/p>\n<p><strong>C\u00f3digo Convenio Marco : <\/strong> x<\/p>\n","protected":false},"excerpt":{"rendered":"<p>Precioso Puzle gigante de 36 pz. Un desfile de animales que al armarlo mide 133 cm de largo. De gran calidad y dise\u00f1o. Material : Cart\u00f3n FSC C\u00f3digo Aukinko : 14-57171 C\u00f3digo Convenio Marco : x<\/p>\n","protected":false},"featured_media":623942,"comment_status":"open","ping_status":"closed","template":"","meta":{"_et_pb_use_builder":"","_et_pb_old_content":"","_et_gb_content_width":""},"product_brand":[],"product_cat":[20,22],"product_tag":[],"class_list":{"0":"post-632187","1":"product","2":"type-product","3":"status-publish","4":"has-post-thumbnail","6":"product_cat-motricidad-fina","7":"product_cat-puzzles","8":"pa_edad-4-a-5-anos","9":"pa_edad-5-a-6-anos","10":"pa_edad-6-a-8-anos","11":"pa_edad-8-a-10-anos","12":"pa_marca-djeco","13":"pa_medidas-97-x-33-cm","15":"first","16":"instock","17":"shipping-taxable","18":"purchasable","19":"product-type-simple"},"aioseo_notices":[],"_links":{"self":[{"href":"https:\/\/aukinkochile.com\/web\/wp-json\/wp\/v2\/product\/632187","targetHints":{"allow":["GET"]}}],"collection":[{"href":"https:\/\/aukinkochile.com\/web\/wp-json\/wp\/v2\/product"}],"about":[{"href":"https:\/\/aukinkochile.com\/web\/wp-json\/wp\/v2\/types\/product"}],"replies":[{"embeddable":true,"href":"https:\/\/aukinkochile.com\/web\/wp-json\/wp\/v2\/comments?post=632187"}],"wp:featuredmedia":[{"embeddable":true,"href":"https:\/\/aukinkochile.com\/web\/wp-json\/wp\/v2\/media\/623942"}],"wp:attachment":[{"href":"https:\/\/aukinkochile.com\/web\/wp-json\/wp\/v2\/media?parent=632187"}],"wp:term":[{"taxonomy":"product_brand","embeddable":true,"href":"https:\/\/aukinkochile.com\/web\/wp-json\/wp\/v2\/product_brand?post=632187"},{"taxonomy":"product_cat","embeddable":true,"href":"https:\/\/aukinkochile.com\/web\/wp-json\/wp\/v2\/product_cat?post=632187"},{"taxonomy":"product_tag","embeddable":true,"href":"https:\/\/aukinkochile.com\/web\/wp-json\/wp\/v2\/product_tag?post=632187"}],"curies":[{"name":"wp","href":"https:\/\/api.w.org\/{rel}","templated":true}]}}