{"id":632160,"date":"2025-08-05T20:12:52","date_gmt":"2025-08-05T20:12:52","guid":{"rendered":"https:\/\/aukinkochile.com\/web\/producto\/figura-tinyly-lily-sylvestre\/"},"modified":"2025-08-05T22:13:08","modified_gmt":"2025-08-05T22:13:08","slug":"figura-tinyly-lily-sylvestre","status":"publish","type":"product","link":"https:\/\/aukinkochile.com\/web\/producto\/figura-tinyly-lily-sylvestre\/","title":{"rendered":"Figura Tinyly Lily &#038; Sylvestre"},"content":{"rendered":"<p>Hermosos personajes con el exclusivo dise\u00f1o de Djeco, incluye 3 figuras, una mascota y 4 accesorios. Un juego ideal para crear historias y dejar volar la imaginaci\u00f3n. De material suave y resistente y colores vivos.<\/p>\n<p><p><strong>Material : <\/strong> Pl\u00e1stico<\/p>\n<p><strong>C\u00f3digo Aukinko : <\/strong> 14-56960<\/p>\n<p><strong>C\u00f3digo Convenio Marco : <\/strong> x<\/p>\n","protected":false},"excerpt":{"rendered":"<p>Hermosos personajes con el exclusivo dise\u00f1o de Djeco, incluye 3 figuras, una mascota y 4 accesorios. Un juego ideal para crear historias y dejar volar la imaginaci\u00f3n. De material suave y resistente y colores vivos. Material : Pl\u00e1stico C\u00f3digo Aukinko : 14-56960 C\u00f3digo Convenio Marco : x<\/p>\n","protected":false},"featured_media":623924,"comment_status":"open","ping_status":"closed","template":"","meta":{"_et_pb_use_builder":"","_et_pb_old_content":"","_et_gb_content_width":""},"product_brand":[],"product_cat":[212],"product_tag":[],"class_list":{"0":"post-632160","1":"product","2":"type-product","3":"status-publish","4":"has-post-thumbnail","6":"product_cat-munecos-y-figuras","7":"pa_edad-10-anos","8":"pa_edad-4-a-5-anos","9":"pa_edad-5-a-6-anos","10":"pa_edad-6-a-8-anos","11":"pa_edad-8-a-10-anos","12":"pa_marca-djeco","13":"pa_medidas-18-x-10-x-4-cm","15":"first","16":"instock","17":"shipping-taxable","18":"purchasable","19":"product-type-simple"},"aioseo_notices":[],"_links":{"self":[{"href":"https:\/\/aukinkochile.com\/web\/wp-json\/wp\/v2\/product\/632160","targetHints":{"allow":["GET"]}}],"collection":[{"href":"https:\/\/aukinkochile.com\/web\/wp-json\/wp\/v2\/product"}],"about":[{"href":"https:\/\/aukinkochile.com\/web\/wp-json\/wp\/v2\/types\/product"}],"replies":[{"embeddable":true,"href":"https:\/\/aukinkochile.com\/web\/wp-json\/wp\/v2\/comments?post=632160"}],"wp:featuredmedia":[{"embeddable":true,"href":"https:\/\/aukinkochile.com\/web\/wp-json\/wp\/v2\/media\/623924"}],"wp:attachment":[{"href":"https:\/\/aukinkochile.com\/web\/wp-json\/wp\/v2\/media?parent=632160"}],"wp:term":[{"taxonomy":"product_brand","embeddable":true,"href":"https:\/\/aukinkochile.com\/web\/wp-json\/wp\/v2\/product_brand?post=632160"},{"taxonomy":"product_cat","embeddable":true,"href":"https:\/\/aukinkochile.com\/web\/wp-json\/wp\/v2\/product_cat?post=632160"},{"taxonomy":"product_tag","embeddable":true,"href":"https:\/\/aukinkochile.com\/web\/wp-json\/wp\/v2\/product_tag?post=632160"}],"curies":[{"name":"wp","href":"https:\/\/api.w.org\/{rel}","templated":true}]}}