{"id":632157,"date":"2025-08-05T20:12:44","date_gmt":"2025-08-05T20:12:44","guid":{"rendered":"https:\/\/aukinkochile.com\/web\/producto\/figura-tinyly-tutti-frutti\/"},"modified":"2025-08-05T22:13:04","modified_gmt":"2025-08-05T22:13:04","slug":"figura-tinyly-tutti-frutti","status":"publish","type":"product","link":"https:\/\/aukinkochile.com\/web\/producto\/figura-tinyly-tutti-frutti\/","title":{"rendered":"Figura Tinyly Tutti &#038; Frutti"},"content":{"rendered":"<p>Figurita inspirada en la tendencia art\u00edstica de Tinyly, creados por dise\u00f1adores e ilustradores contempor\u00e1neos. Personajes articulados y pintados para coleccionar. Vive aventuras incre\u00edbles. Para comprar solo en tiendas, traemos muy pocas unidades de cada uno. Figura de 7,5 cm<\/p>\n<p><p><strong>Material : <\/strong> Pl\u00e1stico<\/p>\n<p><strong>C\u00f3digo Aukinko : <\/strong> 14-56945<\/p>\n<p><strong>C\u00f3digo Convenio Marco : <\/strong> x<\/p>\n","protected":false},"excerpt":{"rendered":"<p>Figurita inspirada en la tendencia art\u00edstica de Tinyly, creados por dise\u00f1adores e ilustradores contempor\u00e1neos. Personajes articulados y pintados para coleccionar. Vive aventuras incre\u00edbles. Para comprar solo en tiendas, traemos muy pocas unidades de cada uno. Figura de 7,5 cm Material : Pl\u00e1stico C\u00f3digo Aukinko : 14-56945 C\u00f3digo Convenio Marco : x<\/p>\n","protected":false},"featured_media":623904,"comment_status":"open","ping_status":"closed","template":"","meta":{"_et_pb_use_builder":"","_et_pb_old_content":"","_et_gb_content_width":""},"product_brand":[],"product_cat":[212],"product_tag":[],"class_list":{"0":"post-632157","1":"product","2":"type-product","3":"status-publish","4":"has-post-thumbnail","6":"product_cat-munecos-y-figuras","7":"pa_edad-10-anos","8":"pa_edad-4-a-5-anos","9":"pa_edad-5-a-6-anos","10":"pa_edad-6-a-8-anos","11":"pa_edad-8-a-10-anos","12":"pa_marca-djeco","13":"pa_medidas-5-x-12","14":"pa_medidas-5-x-4-cm","15":"pa_medidas-4795","17":"first","18":"instock","19":"shipping-taxable","20":"purchasable","21":"product-type-simple"},"aioseo_notices":[],"_links":{"self":[{"href":"https:\/\/aukinkochile.com\/web\/wp-json\/wp\/v2\/product\/632157","targetHints":{"allow":["GET"]}}],"collection":[{"href":"https:\/\/aukinkochile.com\/web\/wp-json\/wp\/v2\/product"}],"about":[{"href":"https:\/\/aukinkochile.com\/web\/wp-json\/wp\/v2\/types\/product"}],"replies":[{"embeddable":true,"href":"https:\/\/aukinkochile.com\/web\/wp-json\/wp\/v2\/comments?post=632157"}],"wp:featuredmedia":[{"embeddable":true,"href":"https:\/\/aukinkochile.com\/web\/wp-json\/wp\/v2\/media\/623904"}],"wp:attachment":[{"href":"https:\/\/aukinkochile.com\/web\/wp-json\/wp\/v2\/media?parent=632157"}],"wp:term":[{"taxonomy":"product_brand","embeddable":true,"href":"https:\/\/aukinkochile.com\/web\/wp-json\/wp\/v2\/product_brand?post=632157"},{"taxonomy":"product_cat","embeddable":true,"href":"https:\/\/aukinkochile.com\/web\/wp-json\/wp\/v2\/product_cat?post=632157"},{"taxonomy":"product_tag","embeddable":true,"href":"https:\/\/aukinkochile.com\/web\/wp-json\/wp\/v2\/product_tag?post=632157"}],"curies":[{"name":"wp","href":"https:\/\/api.w.org\/{rel}","templated":true}]}}