{"id":632145,"date":"2025-08-05T20:12:17","date_gmt":"2025-08-05T20:12:17","guid":{"rendered":"https:\/\/aukinkochile.com\/web\/producto\/sonajero-oso\/"},"modified":"2025-08-05T22:13:03","modified_gmt":"2025-08-05T22:13:03","slug":"sonajero-oso","status":"publish","type":"product","link":"https:\/\/aukinkochile.com\/web\/producto\/sonajero-oso\/","title":{"rendered":"Sonajero Oso"},"content":{"rendered":"<p>Hermoso sonajero para los m\u00e1s peque\u00f1os. Con el exclusivo dise\u00f1o de la marca Djeco.<\/p>\n<p><p><strong>Material : <\/strong> Madera y Pl\u00e1stico<\/p>\n<p><strong>C\u00f3digo Aukinko : <\/strong> 14-56109<\/p>\n<p><strong>C\u00f3digo Convenio Marco : <\/strong> x<\/p>\n","protected":false},"excerpt":{"rendered":"<p>Hermoso sonajero para los m\u00e1s peque\u00f1os. Con el exclusivo dise\u00f1o de la marca Djeco. Material : Madera y Pl\u00e1stico C\u00f3digo Aukinko : 14-56109 C\u00f3digo Convenio Marco : x<\/p>\n","protected":false},"featured_media":602240,"comment_status":"open","ping_status":"closed","template":"","meta":{"_et_pb_use_builder":"","_et_pb_old_content":"","_et_gb_content_width":""},"product_brand":[],"product_cat":[23],"product_tag":[],"class_list":{"0":"post-632145","1":"product","2":"type-product","3":"status-publish","4":"has-post-thumbnail","6":"product_cat-primeros-anos","7":"pa_edad-0-a-1-ano","8":"pa_edad-1-a-2-anos","9":"pa_marca-djeco","10":"pa_medidas-11-x-4-x-6-cm","12":"first","13":"instock","14":"shipping-taxable","15":"purchasable","16":"product-type-simple"},"aioseo_notices":[],"_links":{"self":[{"href":"https:\/\/aukinkochile.com\/web\/wp-json\/wp\/v2\/product\/632145","targetHints":{"allow":["GET"]}}],"collection":[{"href":"https:\/\/aukinkochile.com\/web\/wp-json\/wp\/v2\/product"}],"about":[{"href":"https:\/\/aukinkochile.com\/web\/wp-json\/wp\/v2\/types\/product"}],"replies":[{"embeddable":true,"href":"https:\/\/aukinkochile.com\/web\/wp-json\/wp\/v2\/comments?post=632145"}],"wp:featuredmedia":[{"embeddable":true,"href":"https:\/\/aukinkochile.com\/web\/wp-json\/wp\/v2\/media\/602240"}],"wp:attachment":[{"href":"https:\/\/aukinkochile.com\/web\/wp-json\/wp\/v2\/media?parent=632145"}],"wp:term":[{"taxonomy":"product_brand","embeddable":true,"href":"https:\/\/aukinkochile.com\/web\/wp-json\/wp\/v2\/product_brand?post=632145"},{"taxonomy":"product_cat","embeddable":true,"href":"https:\/\/aukinkochile.com\/web\/wp-json\/wp\/v2\/product_cat?post=632145"},{"taxonomy":"product_tag","embeddable":true,"href":"https:\/\/aukinkochile.com\/web\/wp-json\/wp\/v2\/product_tag?post=632145"}],"curies":[{"name":"wp","href":"https:\/\/api.w.org\/{rel}","templated":true}]}}