{"id":632139,"date":"2025-08-05T20:12:05","date_gmt":"2025-08-05T20:12:05","guid":{"rendered":"https:\/\/aukinkochile.com\/web\/producto\/caja-musica-ballerina-melody\/"},"modified":"2025-08-05T22:13:02","modified_gmt":"2025-08-05T22:13:02","slug":"caja-musica-ballerina-melody","status":"publish","type":"product","link":"https:\/\/aukinkochile.com\/web\/producto\/caja-musica-ballerina-melody\/","title":{"rendered":"Caja M\u00fasica Ballerina Melody"},"content":{"rendered":"<p>En esta hermosa caja de m\u00fasica magn\u00e9tica de Djeco los ni\u00f1os y ni\u00f1as podr\u00e1n escuchar El lago de los cisnes. Un regalo maravilloso para cualquier ni\u00f1o o ni\u00f1a que ame la m\u00fasica. Simplemente deben dar cuerda a la caja de m\u00fasica de madera, colocar la bailarina y el cisne encima y observar c\u00f3mo giran y \u00abbailan\u00bb al ritmo de la m\u00fasica del gran Piotr Ilyich Tchaikovsky. Un hermoso accesorio que nunca pasa de moda. La canci\u00f3n dura aproximadamente 2 minutos y 30 segundos. Una hermosa pieza decorativa para el dormitorio de ni\u00f1os y ni\u00f1as. Contiene una caja de m\u00fasica de madera y 2 figuras de pl\u00e1stico.<\/p>\n<p><p><strong>Material : <\/strong> Madera y Pl\u00e1stico<\/p>\n<p><strong>C\u00f3digo Aukinko : <\/strong> 14-56064<\/p>\n<p><strong>C\u00f3digo Convenio Marco : <\/strong> x<\/p>\n","protected":false},"excerpt":{"rendered":"<p>En esta hermosa caja de m\u00fasica magn\u00e9tica de Djeco los ni\u00f1os y ni\u00f1as podr\u00e1n escuchar El lago de los cisnes. Un regalo maravilloso para cualquier ni\u00f1o o ni\u00f1a que ame la m\u00fasica. Simplemente deben dar cuerda a la caja de m\u00fasica de madera, colocar la bailarina y el cisne encima y observar c\u00f3mo giran y [&hellip;]<\/p>\n","protected":false},"featured_media":629918,"comment_status":"open","ping_status":"closed","template":"","meta":{"_et_pb_use_builder":"","_et_pb_old_content":"","_et_gb_content_width":""},"product_brand":[],"product_cat":[21,392],"product_tag":[],"class_list":{"0":"post-632139","1":"product","2":"type-product","3":"status-publish","4":"has-post-thumbnail","6":"product_cat-arte-y-manipulacion","7":"product_cat-musica","8":"pa_edad-10-anos","9":"pa_edad-3-a-4-anos","10":"pa_edad-4-a-5-anos","11":"pa_edad-5-a-6-anos","12":"pa_edad-6-a-8-anos","13":"pa_edad-8-a-10-anos","14":"pa_marca-djeco","15":"pa_medidas-12-x-11-x-12-cm","17":"first","18":"instock","19":"shipping-taxable","20":"purchasable","21":"product-type-simple"},"aioseo_notices":[],"_links":{"self":[{"href":"https:\/\/aukinkochile.com\/web\/wp-json\/wp\/v2\/product\/632139","targetHints":{"allow":["GET"]}}],"collection":[{"href":"https:\/\/aukinkochile.com\/web\/wp-json\/wp\/v2\/product"}],"about":[{"href":"https:\/\/aukinkochile.com\/web\/wp-json\/wp\/v2\/types\/product"}],"replies":[{"embeddable":true,"href":"https:\/\/aukinkochile.com\/web\/wp-json\/wp\/v2\/comments?post=632139"}],"wp:featuredmedia":[{"embeddable":true,"href":"https:\/\/aukinkochile.com\/web\/wp-json\/wp\/v2\/media\/629918"}],"wp:attachment":[{"href":"https:\/\/aukinkochile.com\/web\/wp-json\/wp\/v2\/media?parent=632139"}],"wp:term":[{"taxonomy":"product_brand","embeddable":true,"href":"https:\/\/aukinkochile.com\/web\/wp-json\/wp\/v2\/product_brand?post=632139"},{"taxonomy":"product_cat","embeddable":true,"href":"https:\/\/aukinkochile.com\/web\/wp-json\/wp\/v2\/product_cat?post=632139"},{"taxonomy":"product_tag","embeddable":true,"href":"https:\/\/aukinkochile.com\/web\/wp-json\/wp\/v2\/product_tag?post=632139"}],"curies":[{"name":"wp","href":"https:\/\/api.w.org\/{rel}","templated":true}]}}