{"id":632136,"date":"2025-08-05T20:11:58","date_gmt":"2025-08-05T20:11:58","guid":{"rendered":"https:\/\/aukinkochile.com\/web\/producto\/instrumento-cabaza-mini-animambo\/"},"modified":"2025-08-05T22:13:01","modified_gmt":"2025-08-05T22:13:01","slug":"instrumento-cabaza-mini-animambo","status":"publish","type":"product","link":"https:\/\/aukinkochile.com\/web\/producto\/instrumento-cabaza-mini-animambo\/","title":{"rendered":"Instrumento Cabaza mini Animambo"},"content":{"rendered":"<p>Una cabaza con hermosas ilustraciones de tem\u00e1tica nativa americana. Al girar las bolas en la parte met\u00e1lica con muescas o agitar el instrumento suena como una serpiente de cascabel. Dise\u00f1ado para estimular el gusto por la m\u00fasica, el ritmo, la motricidad gruesa y m\u00e1s. Un instrumento de percusi\u00f3n para introducir a los ni\u00f1os a la m\u00fasica y desarrollar su sentido del ritmo. Recomendado a partir de 5 a\u00f1os de edad. Fabricado en madera con certificaci\u00f3n FSC\u00ae.<\/p>\n<p><p><strong>Material : <\/strong> Madera FSC y metal<\/p>\n<p><strong>C\u00f3digo Aukinko : <\/strong> 14-56036<\/p>\n<p><strong>C\u00f3digo Convenio Marco : <\/strong> x<\/p>\n","protected":false},"excerpt":{"rendered":"<p>Una cabaza con hermosas ilustraciones de tem\u00e1tica nativa americana. Al girar las bolas en la parte met\u00e1lica con muescas o agitar el instrumento suena como una serpiente de cascabel. Dise\u00f1ado para estimular el gusto por la m\u00fasica, el ritmo, la motricidad gruesa y m\u00e1s. Un instrumento de percusi\u00f3n para introducir a los ni\u00f1os a la [&hellip;]<\/p>\n","protected":false},"featured_media":632135,"comment_status":"open","ping_status":"closed","template":"","meta":{"_et_pb_use_builder":"","_et_pb_old_content":"","_et_gb_content_width":""},"product_brand":[],"product_cat":[392],"product_tag":[],"class_list":{"0":"post-632136","1":"product","2":"type-product","3":"status-publish","4":"has-post-thumbnail","6":"product_cat-musica","7":"pa_edad-10-anos","8":"pa_edad-5-a-6-anos","9":"pa_edad-6-a-8-anos","10":"pa_edad-8-a-10-anos","11":"pa_marca-djeco","12":"pa_medidas-13-x-5-x-5-cm","14":"first","15":"instock","16":"shipping-taxable","17":"purchasable","18":"product-type-simple"},"aioseo_notices":[],"_links":{"self":[{"href":"https:\/\/aukinkochile.com\/web\/wp-json\/wp\/v2\/product\/632136","targetHints":{"allow":["GET"]}}],"collection":[{"href":"https:\/\/aukinkochile.com\/web\/wp-json\/wp\/v2\/product"}],"about":[{"href":"https:\/\/aukinkochile.com\/web\/wp-json\/wp\/v2\/types\/product"}],"replies":[{"embeddable":true,"href":"https:\/\/aukinkochile.com\/web\/wp-json\/wp\/v2\/comments?post=632136"}],"wp:featuredmedia":[{"embeddable":true,"href":"https:\/\/aukinkochile.com\/web\/wp-json\/wp\/v2\/media\/632135"}],"wp:attachment":[{"href":"https:\/\/aukinkochile.com\/web\/wp-json\/wp\/v2\/media?parent=632136"}],"wp:term":[{"taxonomy":"product_brand","embeddable":true,"href":"https:\/\/aukinkochile.com\/web\/wp-json\/wp\/v2\/product_brand?post=632136"},{"taxonomy":"product_cat","embeddable":true,"href":"https:\/\/aukinkochile.com\/web\/wp-json\/wp\/v2\/product_cat?post=632136"},{"taxonomy":"product_tag","embeddable":true,"href":"https:\/\/aukinkochile.com\/web\/wp-json\/wp\/v2\/product_tag?post=632136"}],"curies":[{"name":"wp","href":"https:\/\/api.w.org\/{rel}","templated":true}]}}