{"id":632087,"date":"2025-08-05T20:10:14","date_gmt":"2025-08-05T20:10:14","guid":{"rendered":"https:\/\/aukinkochile.com\/web\/producto\/cartas-oudordodo\/"},"modified":"2025-08-05T22:12:47","modified_gmt":"2025-08-05T22:12:47","slug":"cartas-oudordodo","status":"publish","type":"product","link":"https:\/\/aukinkochile.com\/web\/producto\/cartas-oudordodo\/","title":{"rendered":"Cartas Oudordodo"},"content":{"rendered":"<p>Divertido juego de cartas para pasar horas de diversi\u00f3n en familia. Los jugadores deben poner todas las cartas hacia arriba, un jugador esconde al osito Dodo debajo de una carta sin que nadie lo vea y el resto de los jugadores deben ir preguntando para descartar opciones y averiguar d\u00f3nde se encuentra realmente. Un juego que estimula la observaci\u00f3n, la paciencia y la concentraci\u00f3n de una forma muy entretenida. Recomendado para 2 a 4 jugadores. Fabricado en cart\u00f3n y papel de gran calidad.<\/p>\n<p><p><strong>Material : <\/strong> Cart\u00f3n<\/p>\n<p><strong>C\u00f3digo Aukinko : <\/strong> 14-55106<\/p>\n<p><strong>C\u00f3digo Convenio Marco : <\/strong> x<\/p>\n","protected":false},"excerpt":{"rendered":"<p>Divertido juego de cartas para pasar horas de diversi\u00f3n en familia. Los jugadores deben poner todas las cartas hacia arriba, un jugador esconde al osito Dodo debajo de una carta sin que nadie lo vea y el resto de los jugadores deben ir preguntando para descartar opciones y averiguar d\u00f3nde se encuentra realmente. Un juego [&hellip;]<\/p>\n","protected":false},"featured_media":632086,"comment_status":"open","ping_status":"closed","template":"","meta":{"_et_pb_use_builder":"","_et_pb_old_content":"","_et_gb_content_width":""},"product_brand":[],"product_cat":[149],"product_tag":[],"class_list":{"0":"post-632087","1":"product","2":"type-product","3":"status-publish","4":"has-post-thumbnail","6":"product_cat-juegos-de-mesa","7":"pa_edad-4-a-5-anos","8":"pa_edad-5-a-6-anos","9":"pa_edad-6-a-8-anos","10":"pa_marca-djeco","11":"pa_medidas-12-x-8","12":"pa_medidas-5-x-3-cm","14":"first","15":"instock","16":"shipping-taxable","17":"purchasable","18":"product-type-simple"},"aioseo_notices":[],"_links":{"self":[{"href":"https:\/\/aukinkochile.com\/web\/wp-json\/wp\/v2\/product\/632087","targetHints":{"allow":["GET"]}}],"collection":[{"href":"https:\/\/aukinkochile.com\/web\/wp-json\/wp\/v2\/product"}],"about":[{"href":"https:\/\/aukinkochile.com\/web\/wp-json\/wp\/v2\/types\/product"}],"replies":[{"embeddable":true,"href":"https:\/\/aukinkochile.com\/web\/wp-json\/wp\/v2\/comments?post=632087"}],"wp:featuredmedia":[{"embeddable":true,"href":"https:\/\/aukinkochile.com\/web\/wp-json\/wp\/v2\/media\/632086"}],"wp:attachment":[{"href":"https:\/\/aukinkochile.com\/web\/wp-json\/wp\/v2\/media?parent=632087"}],"wp:term":[{"taxonomy":"product_brand","embeddable":true,"href":"https:\/\/aukinkochile.com\/web\/wp-json\/wp\/v2\/product_brand?post=632087"},{"taxonomy":"product_cat","embeddable":true,"href":"https:\/\/aukinkochile.com\/web\/wp-json\/wp\/v2\/product_cat?post=632087"},{"taxonomy":"product_tag","embeddable":true,"href":"https:\/\/aukinkochile.com\/web\/wp-json\/wp\/v2\/product_tag?post=632087"}],"curies":[{"name":"wp","href":"https:\/\/api.w.org\/{rel}","templated":true}]}}