{"id":632067,"date":"2025-08-05T20:09:34","date_gmt":"2025-08-05T20:09:34","guid":{"rendered":"https:\/\/aukinkochile.com\/web\/producto\/paragua-bajo-la-lluvia\/"},"modified":"2025-08-05T22:12:43","modified_gmt":"2025-08-05T22:12:43","slug":"paragua-bajo-la-lluvia","status":"publish","type":"product","link":"https:\/\/aukinkochile.com\/web\/producto\/paragua-bajo-la-lluvia\/","title":{"rendered":"Paragua Bajo la Lluvia"},"content":{"rendered":"<p>Precioso paraguas Djeco de pl\u00e1stico transparente y suave con estampados de varios animales y mango rojo. Su forma de bola marina est\u00e1 dise\u00f1ada para proteger bien a las ni\u00f1as y ni\u00f1os de la lluvia. La pantalla es f\u00e1cil de desplegar y el mango curvo permite un buen agarre.<\/p>\n<p><p><strong>Material : <\/strong> Pl\u00e1stico<\/p>\n<p><strong>C\u00f3digo Aukinko : <\/strong> 14-54809<\/p>\n<p><strong>C\u00f3digo Convenio Marco : <\/strong> x<\/p>\n","protected":false},"excerpt":{"rendered":"<p>Precioso paraguas Djeco de pl\u00e1stico transparente y suave con estampados de varios animales y mango rojo. Su forma de bola marina est\u00e1 dise\u00f1ada para proteger bien a las ni\u00f1as y ni\u00f1os de la lluvia. La pantalla es f\u00e1cil de desplegar y el mango curvo permite un buen agarre. Material : Pl\u00e1stico C\u00f3digo Aukinko : 14-54809 [&hellip;]<\/p>\n","protected":false},"featured_media":632066,"comment_status":"open","ping_status":"closed","template":"","meta":{"_et_pb_use_builder":"","_et_pb_old_content":"","_et_gb_content_width":""},"product_brand":[],"product_cat":[1005,21],"product_tag":[],"class_list":{"0":"post-632067","1":"product","2":"type-product","3":"status-publish","4":"has-post-thumbnail","6":"product_cat-accesorios-patio","7":"product_cat-arte-y-manipulacion","8":"pa_edad-3-a-4-anos","9":"pa_edad-4-a-5-anos","10":"pa_edad-5-a-6-anos","11":"pa_edad-6-a-8-anos","12":"pa_marca-djeco","13":"pa_medidas-68-x-68-x-70-cm","15":"first","16":"instock","17":"shipping-taxable","18":"purchasable","19":"product-type-simple"},"aioseo_notices":[],"_links":{"self":[{"href":"https:\/\/aukinkochile.com\/web\/wp-json\/wp\/v2\/product\/632067","targetHints":{"allow":["GET"]}}],"collection":[{"href":"https:\/\/aukinkochile.com\/web\/wp-json\/wp\/v2\/product"}],"about":[{"href":"https:\/\/aukinkochile.com\/web\/wp-json\/wp\/v2\/types\/product"}],"replies":[{"embeddable":true,"href":"https:\/\/aukinkochile.com\/web\/wp-json\/wp\/v2\/comments?post=632067"}],"wp:featuredmedia":[{"embeddable":true,"href":"https:\/\/aukinkochile.com\/web\/wp-json\/wp\/v2\/media\/632066"}],"wp:attachment":[{"href":"https:\/\/aukinkochile.com\/web\/wp-json\/wp\/v2\/media?parent=632067"}],"wp:term":[{"taxonomy":"product_brand","embeddable":true,"href":"https:\/\/aukinkochile.com\/web\/wp-json\/wp\/v2\/product_brand?post=632067"},{"taxonomy":"product_cat","embeddable":true,"href":"https:\/\/aukinkochile.com\/web\/wp-json\/wp\/v2\/product_cat?post=632067"},{"taxonomy":"product_tag","embeddable":true,"href":"https:\/\/aukinkochile.com\/web\/wp-json\/wp\/v2\/product_tag?post=632067"}],"curies":[{"name":"wp","href":"https:\/\/api.w.org\/{rel}","templated":true}]}}