{"id":632065,"date":"2025-08-05T20:09:31","date_gmt":"2025-08-05T20:09:31","guid":{"rendered":"https:\/\/aukinkochile.com\/web\/producto\/paragua-pajaros\/"},"modified":"2025-08-05T22:12:43","modified_gmt":"2025-08-05T22:12:43","slug":"paragua-pajaros","status":"publish","type":"product","link":"https:\/\/aukinkochile.com\/web\/producto\/paragua-pajaros\/","title":{"rendered":"Paragua P\u00e1jaros"},"content":{"rendered":"<p>Paraguas de flores y p\u00e1jaros coloridos. El dise\u00f1o sobre base transparente y amplia ayuda a evitar realmente mojarse en la lluvia, el mecanismo est\u00e1 dise\u00f1ado para que los dedos no queden atrapados. Especiales para alegrar d\u00edas lluviosos.<\/p>\n<p><p><strong>Material : <\/strong> Pl\u00e1stico y Metal<\/p>\n<p><strong>C\u00f3digo Aukinko : <\/strong> 14-54804<\/p>\n<p><strong>C\u00f3digo Convenio Marco : <\/strong> x<\/p>\n","protected":false},"excerpt":{"rendered":"<p>Paraguas de flores y p\u00e1jaros coloridos. El dise\u00f1o sobre base transparente y amplia ayuda a evitar realmente mojarse en la lluvia, el mecanismo est\u00e1 dise\u00f1ado para que los dedos no queden atrapados. Especiales para alegrar d\u00edas lluviosos. Material : Pl\u00e1stico y Metal C\u00f3digo Aukinko : 14-54804 C\u00f3digo Convenio Marco : x<\/p>\n","protected":false},"featured_media":629833,"comment_status":"open","ping_status":"closed","template":"","meta":{"_et_pb_use_builder":"","_et_pb_old_content":"","_et_gb_content_width":""},"product_brand":[],"product_cat":[1005,21],"product_tag":[],"class_list":{"0":"post-632065","1":"product","2":"type-product","3":"status-publish","4":"has-post-thumbnail","6":"product_cat-accesorios-patio","7":"product_cat-arte-y-manipulacion","8":"pa_edad-10-anos","9":"pa_edad-3-a-4-anos","10":"pa_edad-4-a-5-anos","11":"pa_edad-5-a-6-anos","12":"pa_edad-6-a-8-anos","13":"pa_edad-8-a-10-anos","14":"pa_marca-djeco","15":"pa_medidas-diametro-70-x-68-cm","17":"first","18":"instock","19":"shipping-taxable","20":"purchasable","21":"product-type-simple"},"aioseo_notices":[],"_links":{"self":[{"href":"https:\/\/aukinkochile.com\/web\/wp-json\/wp\/v2\/product\/632065","targetHints":{"allow":["GET"]}}],"collection":[{"href":"https:\/\/aukinkochile.com\/web\/wp-json\/wp\/v2\/product"}],"about":[{"href":"https:\/\/aukinkochile.com\/web\/wp-json\/wp\/v2\/types\/product"}],"replies":[{"embeddable":true,"href":"https:\/\/aukinkochile.com\/web\/wp-json\/wp\/v2\/comments?post=632065"}],"wp:featuredmedia":[{"embeddable":true,"href":"https:\/\/aukinkochile.com\/web\/wp-json\/wp\/v2\/media\/629833"}],"wp:attachment":[{"href":"https:\/\/aukinkochile.com\/web\/wp-json\/wp\/v2\/media?parent=632065"}],"wp:term":[{"taxonomy":"product_brand","embeddable":true,"href":"https:\/\/aukinkochile.com\/web\/wp-json\/wp\/v2\/product_brand?post=632065"},{"taxonomy":"product_cat","embeddable":true,"href":"https:\/\/aukinkochile.com\/web\/wp-json\/wp\/v2\/product_cat?post=632065"},{"taxonomy":"product_tag","embeddable":true,"href":"https:\/\/aukinkochile.com\/web\/wp-json\/wp\/v2\/product_tag?post=632065"}],"curies":[{"name":"wp","href":"https:\/\/api.w.org\/{rel}","templated":true}]}}