{"id":632064,"date":"2025-08-05T20:09:27","date_gmt":"2025-08-05T20:09:27","guid":{"rendered":"https:\/\/aukinkochile.com\/web\/producto\/paragua-animales-del-bosque\/"},"modified":"2025-08-05T22:12:41","modified_gmt":"2025-08-05T22:12:41","slug":"paragua-animales-del-bosque","status":"publish","type":"product","link":"https:\/\/aukinkochile.com\/web\/producto\/paragua-animales-del-bosque\/","title":{"rendered":"Paragua Animales del Bosque"},"content":{"rendered":"<p>Un bonito paraguas peque\u00f1o es un accesorio colorido para un d\u00eda bajo la lluvia. Mecanismo de apertura manual con protecci\u00f3n para mayor seguridad. Forma y tama\u00f1o del mango adaptados para ni\u00f1os a partir de 3 a\u00f1os. Estructura de fibra de vidrio: flexible y resistente. Fabricado en pl\u00e1stico transparente con ribete y acabado en tela.<\/p>\n<p><p><strong>Material : <\/strong> Pl\u00e1stico<\/p>\n<p><strong>C\u00f3digo Aukinko : <\/strong> 14-54725<\/p>\n<p><strong>C\u00f3digo Convenio Marco : <\/strong> x<\/p>\n","protected":false},"excerpt":{"rendered":"<p>Un bonito paraguas peque\u00f1o es un accesorio colorido para un d\u00eda bajo la lluvia. Mecanismo de apertura manual con protecci\u00f3n para mayor seguridad. Forma y tama\u00f1o del mango adaptados para ni\u00f1os a partir de 3 a\u00f1os. Estructura de fibra de vidrio: flexible y resistente. Fabricado en pl\u00e1stico transparente con ribete y acabado en tela. Material [&hellip;]<\/p>\n","protected":false},"featured_media":632063,"comment_status":"open","ping_status":"closed","template":"","meta":{"_et_pb_use_builder":"","_et_pb_old_content":"","_et_gb_content_width":""},"product_brand":[],"product_cat":[1005,21],"product_tag":[],"class_list":{"0":"post-632064","1":"product","2":"type-product","3":"status-publish","4":"has-post-thumbnail","6":"product_cat-accesorios-patio","7":"product_cat-arte-y-manipulacion","8":"pa_edad-3-a-4-anos","9":"pa_edad-4-a-5-anos","10":"pa_edad-5-a-6-anos","11":"pa_edad-6-a-8-anos","12":"pa_marca-djeco","13":"pa_medidas-55-x-68-x-68-cm","15":"first","16":"instock","17":"shipping-taxable","18":"purchasable","19":"product-type-simple"},"aioseo_notices":[],"_links":{"self":[{"href":"https:\/\/aukinkochile.com\/web\/wp-json\/wp\/v2\/product\/632064","targetHints":{"allow":["GET"]}}],"collection":[{"href":"https:\/\/aukinkochile.com\/web\/wp-json\/wp\/v2\/product"}],"about":[{"href":"https:\/\/aukinkochile.com\/web\/wp-json\/wp\/v2\/types\/product"}],"replies":[{"embeddable":true,"href":"https:\/\/aukinkochile.com\/web\/wp-json\/wp\/v2\/comments?post=632064"}],"wp:featuredmedia":[{"embeddable":true,"href":"https:\/\/aukinkochile.com\/web\/wp-json\/wp\/v2\/media\/632063"}],"wp:attachment":[{"href":"https:\/\/aukinkochile.com\/web\/wp-json\/wp\/v2\/media?parent=632064"}],"wp:term":[{"taxonomy":"product_brand","embeddable":true,"href":"https:\/\/aukinkochile.com\/web\/wp-json\/wp\/v2\/product_brand?post=632064"},{"taxonomy":"product_cat","embeddable":true,"href":"https:\/\/aukinkochile.com\/web\/wp-json\/wp\/v2\/product_cat?post=632064"},{"taxonomy":"product_tag","embeddable":true,"href":"https:\/\/aukinkochile.com\/web\/wp-json\/wp\/v2\/product_tag?post=632064"}],"curies":[{"name":"wp","href":"https:\/\/api.w.org\/{rel}","templated":true}]}}