{"id":632062,"date":"2025-08-05T20:09:24","date_gmt":"2025-08-05T20:09:24","guid":{"rendered":"https:\/\/aukinkochile.com\/web\/producto\/paragua-pajaros-grande\/"},"modified":"2025-08-05T22:12:41","modified_gmt":"2025-08-05T22:12:41","slug":"paragua-pajaros-grande","status":"publish","type":"product","link":"https:\/\/aukinkochile.com\/web\/producto\/paragua-pajaros-grande\/","title":{"rendered":"Paragua P\u00e1jaros Grande"},"content":{"rendered":"<p>Hermoso paraguas bellamente ilustrados de PVC wild birds de Djeco para alegrar los d\u00edas de lluvia. Su tama\u00f1o es adecuado para el uso de ni\u00f1os y adultos. El PVC transparente permite ver la lluvia y la c\u00fapula alta proporciona una mejor cobertura. Su estructura de fibra de vidrio que proporciona un paraguas fuerte, con acabados de genero. Tiene una apertura manual con protecci\u00f3n de seguridad para que los dedos no queden atrapados.<\/p>\n<p><p><strong>Material : <\/strong> Pl\u00e1stico<\/p>\n<p><strong>C\u00f3digo Aukinko : <\/strong> 14-54721<\/p>\n<p><strong>C\u00f3digo Convenio Marco : <\/strong> x<\/p>\n","protected":false},"excerpt":{"rendered":"<p>Hermoso paraguas bellamente ilustrados de PVC wild birds de Djeco para alegrar los d\u00edas de lluvia. Su tama\u00f1o es adecuado para el uso de ni\u00f1os y adultos. El PVC transparente permite ver la lluvia y la c\u00fapula alta proporciona una mejor cobertura. Su estructura de fibra de vidrio que proporciona un paraguas fuerte, con acabados [&hellip;]<\/p>\n","protected":false},"featured_media":632061,"comment_status":"open","ping_status":"closed","template":"","meta":{"_et_pb_use_builder":"","_et_pb_old_content":"","_et_gb_content_width":""},"product_brand":[],"product_cat":[1005,21],"product_tag":[],"class_list":{"0":"post-632062","1":"product","2":"type-product","3":"status-publish","4":"has-post-thumbnail","6":"product_cat-accesorios-patio","7":"product_cat-arte-y-manipulacion","8":"pa_edad-10-anos","9":"pa_edad-8-a-10-anos","10":"pa_marca-djeco","11":"pa_medidas-diametro-83-x-83-cm","13":"first","14":"instock","15":"shipping-taxable","16":"purchasable","17":"product-type-simple"},"aioseo_notices":[],"_links":{"self":[{"href":"https:\/\/aukinkochile.com\/web\/wp-json\/wp\/v2\/product\/632062","targetHints":{"allow":["GET"]}}],"collection":[{"href":"https:\/\/aukinkochile.com\/web\/wp-json\/wp\/v2\/product"}],"about":[{"href":"https:\/\/aukinkochile.com\/web\/wp-json\/wp\/v2\/types\/product"}],"replies":[{"embeddable":true,"href":"https:\/\/aukinkochile.com\/web\/wp-json\/wp\/v2\/comments?post=632062"}],"wp:featuredmedia":[{"embeddable":true,"href":"https:\/\/aukinkochile.com\/web\/wp-json\/wp\/v2\/media\/632061"}],"wp:attachment":[{"href":"https:\/\/aukinkochile.com\/web\/wp-json\/wp\/v2\/media?parent=632062"}],"wp:term":[{"taxonomy":"product_brand","embeddable":true,"href":"https:\/\/aukinkochile.com\/web\/wp-json\/wp\/v2\/product_brand?post=632062"},{"taxonomy":"product_cat","embeddable":true,"href":"https:\/\/aukinkochile.com\/web\/wp-json\/wp\/v2\/product_cat?post=632062"},{"taxonomy":"product_tag","embeddable":true,"href":"https:\/\/aukinkochile.com\/web\/wp-json\/wp\/v2\/product_tag?post=632062"}],"curies":[{"name":"wp","href":"https:\/\/api.w.org\/{rel}","templated":true}]}}