{"id":632060,"date":"2025-08-05T20:09:22","date_gmt":"2025-08-05T20:09:22","guid":{"rendered":"https:\/\/aukinkochile.com\/web\/producto\/paragua-graphic\/"},"modified":"2025-08-05T22:12:41","modified_gmt":"2025-08-05T22:12:41","slug":"paragua-graphic","status":"publish","type":"product","link":"https:\/\/aukinkochile.com\/web\/producto\/paragua-graphic\/","title":{"rendered":"Paragua Graphic"},"content":{"rendered":"<p>El Paraguas Graphic de Djeco es un accesorio pr\u00e1ctico y encantador para los d\u00edas lluviosos. Este paraguas cuenta con una hermosa ilustraci\u00f3n de animales de la sabana en tonos tierra y marr\u00f3n, con detalles dorados que le dan un toque elegante y sofisticado. El paraguas est\u00e1 dise\u00f1ado para ser compacto y f\u00e1cil de transportar. Fabricado en materiales de alta calidad, muy resistente y duradero. El paraguas mide 60 cm de di\u00e1metro. Dise\u00f1ado para ser seguro y no t\u00f3xico para los ni\u00f1os.<\/p>\n<p><p><strong>Material : <\/strong> Pl\u00e1stico<\/p>\n<p><strong>C\u00f3digo Aukinko : <\/strong> 14-54715<\/p>\n<p><strong>C\u00f3digo Convenio Marco : <\/strong> x<\/p>\n","protected":false},"excerpt":{"rendered":"<p>El Paraguas Graphic de Djeco es un accesorio pr\u00e1ctico y encantador para los d\u00edas lluviosos. Este paraguas cuenta con una hermosa ilustraci\u00f3n de animales de la sabana en tonos tierra y marr\u00f3n, con detalles dorados que le dan un toque elegante y sofisticado. El paraguas est\u00e1 dise\u00f1ado para ser compacto y f\u00e1cil de transportar. Fabricado [&hellip;]<\/p>\n","protected":false},"featured_media":629829,"comment_status":"open","ping_status":"closed","template":"","meta":{"_et_pb_use_builder":"","_et_pb_old_content":"","_et_gb_content_width":""},"product_brand":[],"product_cat":[1005,21],"product_tag":[],"class_list":{"0":"post-632060","1":"product","2":"type-product","3":"status-publish","4":"has-post-thumbnail","6":"product_cat-accesorios-patio","7":"product_cat-arte-y-manipulacion","8":"pa_edad-10-anos","9":"pa_edad-3-a-4-anos","10":"pa_edad-4-a-5-anos","11":"pa_edad-5-a-6-anos","12":"pa_edad-6-a-8-anos","13":"pa_edad-8-a-10-anos","14":"pa_marca-djeco","15":"pa_medidas-60-x-60-x-68-cm","17":"first","18":"instock","19":"shipping-taxable","20":"purchasable","21":"product-type-simple"},"aioseo_notices":[],"_links":{"self":[{"href":"https:\/\/aukinkochile.com\/web\/wp-json\/wp\/v2\/product\/632060","targetHints":{"allow":["GET"]}}],"collection":[{"href":"https:\/\/aukinkochile.com\/web\/wp-json\/wp\/v2\/product"}],"about":[{"href":"https:\/\/aukinkochile.com\/web\/wp-json\/wp\/v2\/types\/product"}],"replies":[{"embeddable":true,"href":"https:\/\/aukinkochile.com\/web\/wp-json\/wp\/v2\/comments?post=632060"}],"wp:featuredmedia":[{"embeddable":true,"href":"https:\/\/aukinkochile.com\/web\/wp-json\/wp\/v2\/media\/629829"}],"wp:attachment":[{"href":"https:\/\/aukinkochile.com\/web\/wp-json\/wp\/v2\/media?parent=632060"}],"wp:term":[{"taxonomy":"product_brand","embeddable":true,"href":"https:\/\/aukinkochile.com\/web\/wp-json\/wp\/v2\/product_brand?post=632060"},{"taxonomy":"product_cat","embeddable":true,"href":"https:\/\/aukinkochile.com\/web\/wp-json\/wp\/v2\/product_cat?post=632060"},{"taxonomy":"product_tag","embeddable":true,"href":"https:\/\/aukinkochile.com\/web\/wp-json\/wp\/v2\/product_tag?post=632060"}],"curies":[{"name":"wp","href":"https:\/\/api.w.org\/{rel}","templated":true}]}}