{"id":632043,"date":"2025-08-05T20:08:44","date_gmt":"2025-08-05T20:08:44","guid":{"rendered":"https:\/\/aukinkochile.com\/web\/producto\/luz-bola-unicornio\/"},"modified":"2025-08-05T22:12:34","modified_gmt":"2025-08-05T22:12:34","slug":"luz-bola-unicornio","status":"publish","type":"product","link":"https:\/\/aukinkochile.com\/web\/producto\/luz-bola-unicornio\/","title":{"rendered":"Luz Bola Unicornio"},"content":{"rendered":"<p>Una hermosa luz de noche que tambi\u00e9n es una globo de nieve. no es necesario agitarlo ya que el mecanismo hace que los copos se arremolinen y muestren diferentes colores. apagado autom\u00e1tico despu\u00e9s de 45 minutos. requiere 3 bater\u00edas no incluidas. un precioso objeto de decoraci\u00f3n.<\/p>\n<p><p><strong>Material : <\/strong> Pl\u00e1stico y Vidrio<\/p>\n<p><strong>C\u00f3digo Aukinko : <\/strong> 14-53408<\/p>\n<p><strong>C\u00f3digo Convenio Marco : <\/strong> x<\/p>\n","protected":false},"excerpt":{"rendered":"<p>Una hermosa luz de noche que tambi\u00e9n es una globo de nieve. no es necesario agitarlo ya que el mecanismo hace que los copos se arremolinen y muestren diferentes colores. apagado autom\u00e1tico despu\u00e9s de 45 minutos. requiere 3 bater\u00edas no incluidas. un precioso objeto de decoraci\u00f3n. Material : Pl\u00e1stico y Vidrio C\u00f3digo Aukinko : 14-53408 [&hellip;]<\/p>\n","protected":false},"featured_media":623695,"comment_status":"open","ping_status":"closed","template":"","meta":{"_et_pb_use_builder":"","_et_pb_old_content":"","_et_gb_content_width":""},"product_brand":[],"product_cat":[21],"product_tag":[],"class_list":{"0":"post-632043","1":"product","2":"type-product","3":"status-publish","4":"has-post-thumbnail","6":"product_cat-arte-y-manipulacion","7":"pa_edad-0-a-1-ano","8":"pa_edad-1-a-2-anos","9":"pa_edad-10-anos","10":"pa_edad-2-a-3-anos","11":"pa_edad-3-a-4-anos","12":"pa_edad-4-a-5-anos","13":"pa_edad-5-a-6-anos","14":"pa_edad-6-a-8-anos","15":"pa_edad-8-a-10-anos","16":"pa_marca-djeco","17":"pa_medidas-17-x-14-x-14-cm-caja","19":"first","20":"instock","21":"shipping-taxable","22":"purchasable","23":"product-type-simple"},"aioseo_notices":[],"_links":{"self":[{"href":"https:\/\/aukinkochile.com\/web\/wp-json\/wp\/v2\/product\/632043","targetHints":{"allow":["GET"]}}],"collection":[{"href":"https:\/\/aukinkochile.com\/web\/wp-json\/wp\/v2\/product"}],"about":[{"href":"https:\/\/aukinkochile.com\/web\/wp-json\/wp\/v2\/types\/product"}],"replies":[{"embeddable":true,"href":"https:\/\/aukinkochile.com\/web\/wp-json\/wp\/v2\/comments?post=632043"}],"wp:featuredmedia":[{"embeddable":true,"href":"https:\/\/aukinkochile.com\/web\/wp-json\/wp\/v2\/media\/623695"}],"wp:attachment":[{"href":"https:\/\/aukinkochile.com\/web\/wp-json\/wp\/v2\/media?parent=632043"}],"wp:term":[{"taxonomy":"product_brand","embeddable":true,"href":"https:\/\/aukinkochile.com\/web\/wp-json\/wp\/v2\/product_brand?post=632043"},{"taxonomy":"product_cat","embeddable":true,"href":"https:\/\/aukinkochile.com\/web\/wp-json\/wp\/v2\/product_cat?post=632043"},{"taxonomy":"product_tag","embeddable":true,"href":"https:\/\/aukinkochile.com\/web\/wp-json\/wp\/v2\/product_tag?post=632043"}],"curies":[{"name":"wp","href":"https:\/\/api.w.org\/{rel}","templated":true}]}}