{"id":632023,"date":"2025-08-05T20:08:04","date_gmt":"2025-08-05T20:08:04","guid":{"rendered":"https:\/\/aukinkochile.com\/web\/producto\/reloj-pulsera-cisnes\/"},"modified":"2025-08-05T22:12:29","modified_gmt":"2025-08-05T22:12:29","slug":"reloj-pulsera-cisnes","status":"publish","type":"product","link":"https:\/\/aukinkochile.com\/web\/producto\/reloj-pulsera-cisnes\/","title":{"rendered":"Reloj Pulsera Cisnes"},"content":{"rendered":"<p>Este elegante reloj digital cuenta con una caja hexagonal inspirada en el dise\u00f1o de los antiguos relojes japoneses. Su esfera presenta delicadas ilustraciones po\u00e9ticas y muestra la hora en horas, minutos y segundos. Tambi\u00e9n incluye un cron\u00f3metro para una medici\u00f3n precisa del tiempo. Con retroiluminaci\u00f3n para visibilidad nocturna, caja resistente a golpes y resistencia al agua, es perfecto para el d\u00eda a d\u00eda. El reloj funciona con una pila SR626SW incluida y tiene 2 a\u00f1os de garant\u00eda. La correa es ajustable para un ajuste c\u00f3modo en la mu\u00f1eca de ni\u00f1as y ni\u00f1os.<\/p>\n<p><p><strong>Material : <\/strong> Pl\u00e1stico<\/p>\n<p><strong>C\u00f3digo Aukinko : <\/strong> 14-50450<\/p>\n<p><strong>C\u00f3digo Convenio Marco : <\/strong> x<\/p>\n","protected":false},"excerpt":{"rendered":"<p>Este elegante reloj digital cuenta con una caja hexagonal inspirada en el dise\u00f1o de los antiguos relojes japoneses. Su esfera presenta delicadas ilustraciones po\u00e9ticas y muestra la hora en horas, minutos y segundos. Tambi\u00e9n incluye un cron\u00f3metro para una medici\u00f3n precisa del tiempo. Con retroiluminaci\u00f3n para visibilidad nocturna, caja resistente a golpes y resistencia al [&hellip;]<\/p>\n","protected":false},"featured_media":632022,"comment_status":"open","ping_status":"closed","template":"","meta":{"_et_pb_use_builder":"","_et_pb_old_content":"","_et_gb_content_width":""},"product_brand":[],"product_cat":[21],"product_tag":[],"class_list":{"0":"post-632023","1":"product","2":"type-product","3":"status-publish","4":"has-post-thumbnail","6":"product_cat-arte-y-manipulacion","7":"pa_edad-10-anos","8":"pa_edad-6-a-8-anos","9":"pa_edad-8-a-10-anos","10":"pa_marca-djeco","11":"pa_medidas-8-x-8-x-4-cm","13":"first","14":"instock","15":"shipping-taxable","16":"purchasable","17":"product-type-simple"},"aioseo_notices":[],"_links":{"self":[{"href":"https:\/\/aukinkochile.com\/web\/wp-json\/wp\/v2\/product\/632023","targetHints":{"allow":["GET"]}}],"collection":[{"href":"https:\/\/aukinkochile.com\/web\/wp-json\/wp\/v2\/product"}],"about":[{"href":"https:\/\/aukinkochile.com\/web\/wp-json\/wp\/v2\/types\/product"}],"replies":[{"embeddable":true,"href":"https:\/\/aukinkochile.com\/web\/wp-json\/wp\/v2\/comments?post=632023"}],"wp:featuredmedia":[{"embeddable":true,"href":"https:\/\/aukinkochile.com\/web\/wp-json\/wp\/v2\/media\/632022"}],"wp:attachment":[{"href":"https:\/\/aukinkochile.com\/web\/wp-json\/wp\/v2\/media?parent=632023"}],"wp:term":[{"taxonomy":"product_brand","embeddable":true,"href":"https:\/\/aukinkochile.com\/web\/wp-json\/wp\/v2\/product_brand?post=632023"},{"taxonomy":"product_cat","embeddable":true,"href":"https:\/\/aukinkochile.com\/web\/wp-json\/wp\/v2\/product_cat?post=632023"},{"taxonomy":"product_tag","embeddable":true,"href":"https:\/\/aukinkochile.com\/web\/wp-json\/wp\/v2\/product_tag?post=632023"}],"curies":[{"name":"wp","href":"https:\/\/api.w.org\/{rel}","templated":true}]}}