{"id":631975,"date":"2025-07-28T16:46:29","date_gmt":"2025-07-28T16:46:29","guid":{"rendered":"https:\/\/aukinkochile.com\/web\/producto\/apilable-plastico-7-pz\/"},"modified":"2025-07-28T16:49:23","modified_gmt":"2025-07-28T16:49:23","slug":"apilable-plastico-7-pz","status":"publish","type":"product","link":"https:\/\/aukinkochile.com\/web\/producto\/apilable-plastico-7-pz\/","title":{"rendered":"Apilable Pl\u00e1stico 7 pz"},"content":{"rendered":"<p>Estos hermosos vasos apilables son multifuncionales y excelentes para desarrollar la motricidad fina y el juego infantil, tanto en interiores como en exteriores. Estos peque\u00f1os vasos se pueden apilar y volcar para una diversi\u00f3n incre\u00edble. Se pueden usar como moldes y cortadores para hornear o con plastilina. Los peque\u00f1os agujeros en la base tambi\u00e9n los hacen perfectos para jugar con agua en la ba\u00f1era o el arenero. Fabricados con biopl\u00e1stico, un material sostenible compuesto por un 90 % de ca\u00f1a de az\u00facar. El set incluye 7 piezas.<\/p>\n<p><p><strong>Material : <\/strong> Pl\u00e1stico Resistente<\/p>\n<p><strong>C\u00f3digo Aukinko : <\/strong> 09-55416<\/p>\n<p><strong>C\u00f3digo Convenio Marco : <\/strong> x<\/p>\n","protected":false},"excerpt":{"rendered":"<p>Estos hermosos vasos apilables son multifuncionales y excelentes para desarrollar la motricidad fina y el juego infantil, tanto en interiores como en exteriores. Estos peque\u00f1os vasos se pueden apilar y volcar para una diversi\u00f3n incre\u00edble. Se pueden usar como moldes y cortadores para hornear o con plastilina. Los peque\u00f1os agujeros en la base tambi\u00e9n los [&hellip;]<\/p>\n","protected":false},"featured_media":631974,"comment_status":"open","ping_status":"closed","template":"","meta":{"_et_pb_use_builder":"","_et_pb_old_content":"","_et_gb_content_width":""},"product_brand":[],"product_cat":[91,20],"product_tag":[],"class_list":{"0":"post-631975","1":"product","2":"type-product","3":"status-publish","4":"has-post-thumbnail","6":"product_cat-accesorios-sala","7":"product_cat-motricidad-fina","8":"pa_edad-1-a-2-anos","9":"pa_edad-2-a-3-anos","10":"pa_marca-dantoy","11":"pa_medidas-24-x-12-x-13","12":"pa_medidas-5-cm","14":"first","15":"instock","16":"shipping-taxable","17":"purchasable","18":"product-type-simple"},"aioseo_notices":[],"_links":{"self":[{"href":"https:\/\/aukinkochile.com\/web\/wp-json\/wp\/v2\/product\/631975","targetHints":{"allow":["GET"]}}],"collection":[{"href":"https:\/\/aukinkochile.com\/web\/wp-json\/wp\/v2\/product"}],"about":[{"href":"https:\/\/aukinkochile.com\/web\/wp-json\/wp\/v2\/types\/product"}],"replies":[{"embeddable":true,"href":"https:\/\/aukinkochile.com\/web\/wp-json\/wp\/v2\/comments?post=631975"}],"wp:featuredmedia":[{"embeddable":true,"href":"https:\/\/aukinkochile.com\/web\/wp-json\/wp\/v2\/media\/631974"}],"wp:attachment":[{"href":"https:\/\/aukinkochile.com\/web\/wp-json\/wp\/v2\/media?parent=631975"}],"wp:term":[{"taxonomy":"product_brand","embeddable":true,"href":"https:\/\/aukinkochile.com\/web\/wp-json\/wp\/v2\/product_brand?post=631975"},{"taxonomy":"product_cat","embeddable":true,"href":"https:\/\/aukinkochile.com\/web\/wp-json\/wp\/v2\/product_cat?post=631975"},{"taxonomy":"product_tag","embeddable":true,"href":"https:\/\/aukinkochile.com\/web\/wp-json\/wp\/v2\/product_tag?post=631975"}],"curies":[{"name":"wp","href":"https:\/\/api.w.org\/{rel}","templated":true}]}}