{"id":631971,"date":"2025-07-28T16:46:24","date_gmt":"2025-07-28T16:46:24","guid":{"rendered":"https:\/\/aukinkochile.com\/web\/producto\/regadera-plastico-eco-c-u\/"},"modified":"2025-07-28T16:49:17","modified_gmt":"2025-07-28T16:49:17","slug":"regadera-plastico-eco-c-u","status":"publish","type":"product","link":"https:\/\/aukinkochile.com\/web\/producto\/regadera-plastico-eco-c-u\/","title":{"rendered":"Regadera Pl\u00e1stico Eco c\/u"},"content":{"rendered":"<p>Esta hermosa regadera est\u00e1 fabricada con residuos pl\u00e1sticos de producci\u00f3n y cuenta con la certificaci\u00f3n ecol\u00f3gica de la Nordic Ecologica. El proceso de reciclaje le da fant\u00e1sticos matices y combinaciones de colores aleatorias, lo que significa que no hay dos iguales. La regadera se puede usar en el arenero, para jugar con agua y en el jard\u00edn, e invita tanto al juego como al aprendizaje. Jugar con la regadera fortalece la coordinaci\u00f3n ojo-mano y ayuda a desarrollar la motricidad y la imaginaci\u00f3n de ni\u00f1as y ni\u00f1os. Colores surtidos. Precios por unidad.<\/p>\n<p><p><strong>Material : <\/strong> Eco Pl\u00e1stico<\/p>\n<p><strong>C\u00f3digo Aukinko : <\/strong> 09-52630<\/p>\n<p><strong>C\u00f3digo Convenio Marco : <\/strong> x<\/p>\n","protected":false},"excerpt":{"rendered":"<p>Esta hermosa regadera est\u00e1 fabricada con residuos pl\u00e1sticos de producci\u00f3n y cuenta con la certificaci\u00f3n ecol\u00f3gica de la Nordic Ecologica. El proceso de reciclaje le da fant\u00e1sticos matices y combinaciones de colores aleatorias, lo que significa que no hay dos iguales. La regadera se puede usar en el arenero, para jugar con agua y en [&hellip;]<\/p>\n","protected":false},"featured_media":631970,"comment_status":"open","ping_status":"closed","template":"","meta":{"_et_pb_use_builder":"","_et_pb_old_content":"","_et_gb_content_width":""},"product_brand":[],"product_cat":[1005,17],"product_tag":[],"class_list":{"0":"post-631971","1":"product","2":"type-product","3":"status-publish","4":"has-post-thumbnail","6":"product_cat-accesorios-patio","7":"product_cat-juegos-de-rol","8":"pa_edad-2-a-3-anos","9":"pa_edad-3-a-4-anos","10":"pa_edad-4-a-5-anos","11":"pa_edad-5-a-6-anos","12":"pa_edad-6-a-8-anos","13":"pa_edad-8-a-10-anos","14":"pa_marca-dantoy","15":"pa_medidas-4394","16":"pa_medidas-5-cm","17":"pa_medidas-5-x-21-x-11","19":"first","20":"instock","21":"shipping-taxable","22":"purchasable","23":"product-type-simple"},"aioseo_notices":[],"_links":{"self":[{"href":"https:\/\/aukinkochile.com\/web\/wp-json\/wp\/v2\/product\/631971","targetHints":{"allow":["GET"]}}],"collection":[{"href":"https:\/\/aukinkochile.com\/web\/wp-json\/wp\/v2\/product"}],"about":[{"href":"https:\/\/aukinkochile.com\/web\/wp-json\/wp\/v2\/types\/product"}],"replies":[{"embeddable":true,"href":"https:\/\/aukinkochile.com\/web\/wp-json\/wp\/v2\/comments?post=631971"}],"wp:featuredmedia":[{"embeddable":true,"href":"https:\/\/aukinkochile.com\/web\/wp-json\/wp\/v2\/media\/631970"}],"wp:attachment":[{"href":"https:\/\/aukinkochile.com\/web\/wp-json\/wp\/v2\/media?parent=631971"}],"wp:term":[{"taxonomy":"product_brand","embeddable":true,"href":"https:\/\/aukinkochile.com\/web\/wp-json\/wp\/v2\/product_brand?post=631971"},{"taxonomy":"product_cat","embeddable":true,"href":"https:\/\/aukinkochile.com\/web\/wp-json\/wp\/v2\/product_cat?post=631971"},{"taxonomy":"product_tag","embeddable":true,"href":"https:\/\/aukinkochile.com\/web\/wp-json\/wp\/v2\/product_tag?post=631971"}],"curies":[{"name":"wp","href":"https:\/\/api.w.org\/{rel}","templated":true}]}}