{"id":631969,"date":"2025-07-28T16:46:21","date_gmt":"2025-07-28T16:46:21","guid":{"rendered":"https:\/\/aukinkochile.com\/web\/producto\/regadera-de-colores-c-u\/"},"modified":"2025-07-28T16:49:15","modified_gmt":"2025-07-28T16:49:15","slug":"regadera-de-colores-c-u","status":"publish","type":"product","link":"https:\/\/aukinkochile.com\/web\/producto\/regadera-de-colores-c-u\/","title":{"rendered":"Regadera de Colores c\/u"},"content":{"rendered":"<p>Esta hermosa regadera redonda de Dantoy es un juguete robusto y pr\u00e1ctico, con un tama\u00f1o ideal para las manos peque\u00f1as. Fabricada en Dinamarca como parte de la cl\u00e1sica serie Dantoy, incluye un mango ergon\u00f3mico que proporciona buen control y equilibrio durante su uso.  Un accesorio ideal para jugar tanto en interiores como en exteriores. En el jard\u00edn, se puede usar para regar flores junto con los adultos, mientras que en el arenero se convierte en una herramienta creativa para construir castillos de arena y experimentar con el agua. Fabricado en material suave y resistente. Colores surtidos. Precios por unidad.<\/p>\n<p><p><strong>Material : <\/strong> Pl\u00e1stico Resistente<\/p>\n<p><strong>C\u00f3digo Aukinko : <\/strong> 09-51750<\/p>\n<p><strong>C\u00f3digo Convenio Marco : <\/strong> x<\/p>\n","protected":false},"excerpt":{"rendered":"<p>Esta hermosa regadera redonda de Dantoy es un juguete robusto y pr\u00e1ctico, con un tama\u00f1o ideal para las manos peque\u00f1as. Fabricada en Dinamarca como parte de la cl\u00e1sica serie Dantoy, incluye un mango ergon\u00f3mico que proporciona buen control y equilibrio durante su uso. Un accesorio ideal para jugar tanto en interiores como en exteriores. En [&hellip;]<\/p>\n","protected":false},"featured_media":631968,"comment_status":"open","ping_status":"closed","template":"","meta":{"_et_pb_use_builder":"","_et_pb_old_content":"","_et_gb_content_width":""},"product_brand":[],"product_cat":[1005,17],"product_tag":[],"class_list":{"0":"post-631969","1":"product","2":"type-product","3":"status-publish","4":"has-post-thumbnail","6":"product_cat-accesorios-patio","7":"product_cat-juegos-de-rol","8":"pa_edad-2-a-3-anos","9":"pa_edad-3-a-4-anos","10":"pa_edad-4-a-5-anos","11":"pa_edad-5-a-6-anos","12":"pa_edad-6-a-8-anos","13":"pa_edad-8-a-10-anos","14":"pa_marca-dantoy","15":"pa_medidas-16-x-17-x-11-cm","17":"first","18":"instock","19":"shipping-taxable","20":"purchasable","21":"product-type-simple"},"aioseo_notices":[],"_links":{"self":[{"href":"https:\/\/aukinkochile.com\/web\/wp-json\/wp\/v2\/product\/631969","targetHints":{"allow":["GET"]}}],"collection":[{"href":"https:\/\/aukinkochile.com\/web\/wp-json\/wp\/v2\/product"}],"about":[{"href":"https:\/\/aukinkochile.com\/web\/wp-json\/wp\/v2\/types\/product"}],"replies":[{"embeddable":true,"href":"https:\/\/aukinkochile.com\/web\/wp-json\/wp\/v2\/comments?post=631969"}],"wp:featuredmedia":[{"embeddable":true,"href":"https:\/\/aukinkochile.com\/web\/wp-json\/wp\/v2\/media\/631968"}],"wp:attachment":[{"href":"https:\/\/aukinkochile.com\/web\/wp-json\/wp\/v2\/media?parent=631969"}],"wp:term":[{"taxonomy":"product_brand","embeddable":true,"href":"https:\/\/aukinkochile.com\/web\/wp-json\/wp\/v2\/product_brand?post=631969"},{"taxonomy":"product_cat","embeddable":true,"href":"https:\/\/aukinkochile.com\/web\/wp-json\/wp\/v2\/product_cat?post=631969"},{"taxonomy":"product_tag","embeddable":true,"href":"https:\/\/aukinkochile.com\/web\/wp-json\/wp\/v2\/product_tag?post=631969"}],"curies":[{"name":"wp","href":"https:\/\/api.w.org\/{rel}","templated":true}]}}