{"id":631967,"date":"2025-07-28T16:46:18","date_gmt":"2025-07-28T16:46:18","guid":{"rendered":"https:\/\/aukinkochile.com\/web\/producto\/jarra-transparente-colores-c-u\/"},"modified":"2025-07-28T16:49:14","modified_gmt":"2025-07-28T16:49:14","slug":"jarra-transparente-colores-c-u","status":"publish","type":"product","link":"https:\/\/aukinkochile.com\/web\/producto\/jarra-transparente-colores-c-u\/","title":{"rendered":"Jarra Transparente Colores c\/u"},"content":{"rendered":"<p>Estas hermosas jarras transparentes de Dantoy son un juguete vers\u00e1til y colorido que invita a horas de juego creativo y aprendizaje. Vienen en vibrantes colores transparentes como azul, naranja y verde, creando un fascinante efecto visual al ser iluminados. Se fabrican en Dinamarca con los m\u00e1s altos est\u00e1ndares de calidad. Cuentan con la etiqueta Swan, que garantiza su seguridad y respeto al medio ambiente. tienen el tama\u00f1o perfecto para las manos de los ni\u00f1os peque\u00f1os y son ideales para diversos tipos de juego. Sirven para verter, medir y experimentar con agua o arena, lo que mejora la motricidad fina y la coordinaci\u00f3n ojo-mano del ni\u00f1o. Su dise\u00f1o transparente permite a los ni\u00f1os y ni\u00f1as observar y fascinarse con los movimientos de los materiales en su interior. Colores surtidos. Precios por unidad.<\/p>\n<p><p><strong>Material : <\/strong> Pl\u00e1stico Resistente<\/p>\n<p><strong>C\u00f3digo Aukinko : <\/strong> 09-51317<\/p>\n<p><strong>C\u00f3digo Convenio Marco : <\/strong> x<\/p>\n","protected":false},"excerpt":{"rendered":"<p>Estas hermosas jarras transparentes de Dantoy son un juguete vers\u00e1til y colorido que invita a horas de juego creativo y aprendizaje. Vienen en vibrantes colores transparentes como azul, naranja y verde, creando un fascinante efecto visual al ser iluminados. Se fabrican en Dinamarca con los m\u00e1s altos est\u00e1ndares de calidad. Cuentan con la etiqueta Swan, [&hellip;]<\/p>\n","protected":false},"featured_media":631966,"comment_status":"open","ping_status":"closed","template":"","meta":{"_et_pb_use_builder":"","_et_pb_old_content":"","_et_gb_content_width":""},"product_brand":[],"product_cat":[91,17],"product_tag":[],"class_list":{"0":"post-631967","1":"product","2":"type-product","3":"status-publish","4":"has-post-thumbnail","6":"product_cat-accesorios-sala","7":"product_cat-juegos-de-rol","8":"pa_edad-2-a-3-anos","9":"pa_edad-3-a-4-anos","10":"pa_edad-4-a-5-anos","11":"pa_edad-5-a-6-anos","12":"pa_edad-6-a-8-anos","13":"pa_edad-8-a-10-anos","14":"pa_marca-dantoy","15":"pa_medidas-13-x-12","16":"pa_medidas-5-cm","17":"pa_medidas-5-x-8","19":"first","20":"instock","21":"shipping-taxable","22":"purchasable","23":"product-type-simple"},"aioseo_notices":[],"_links":{"self":[{"href":"https:\/\/aukinkochile.com\/web\/wp-json\/wp\/v2\/product\/631967","targetHints":{"allow":["GET"]}}],"collection":[{"href":"https:\/\/aukinkochile.com\/web\/wp-json\/wp\/v2\/product"}],"about":[{"href":"https:\/\/aukinkochile.com\/web\/wp-json\/wp\/v2\/types\/product"}],"replies":[{"embeddable":true,"href":"https:\/\/aukinkochile.com\/web\/wp-json\/wp\/v2\/comments?post=631967"}],"wp:featuredmedia":[{"embeddable":true,"href":"https:\/\/aukinkochile.com\/web\/wp-json\/wp\/v2\/media\/631966"}],"wp:attachment":[{"href":"https:\/\/aukinkochile.com\/web\/wp-json\/wp\/v2\/media?parent=631967"}],"wp:term":[{"taxonomy":"product_brand","embeddable":true,"href":"https:\/\/aukinkochile.com\/web\/wp-json\/wp\/v2\/product_brand?post=631967"},{"taxonomy":"product_cat","embeddable":true,"href":"https:\/\/aukinkochile.com\/web\/wp-json\/wp\/v2\/product_cat?post=631967"},{"taxonomy":"product_tag","embeddable":true,"href":"https:\/\/aukinkochile.com\/web\/wp-json\/wp\/v2\/product_tag?post=631967"}],"curies":[{"name":"wp","href":"https:\/\/api.w.org\/{rel}","templated":true}]}}