{"id":631965,"date":"2025-07-28T16:46:15","date_gmt":"2025-07-28T16:46:15","guid":{"rendered":"https:\/\/aukinkochile.com\/web\/producto\/balde-transparente-colores-c-u\/"},"modified":"2025-07-28T16:49:14","modified_gmt":"2025-07-28T16:49:14","slug":"balde-transparente-colores-c-u","status":"publish","type":"product","link":"https:\/\/aukinkochile.com\/web\/producto\/balde-transparente-colores-c-u\/","title":{"rendered":"Balde Transparente Colores c\/u"},"content":{"rendered":"<p>Este balde es un juguete vers\u00e1til que combina juego y aprendizaje de forma divertida y atractiva. Tiene el tama\u00f1o perfecto para las manos de los ni\u00f1os peque\u00f1os: altura 13,5 cm. Fabricado en pl\u00e1stico transparente y duradero, lo que permite a ni\u00f1os y ni\u00f1as observar su contenido y experimentar con diferentes materiales. Este dise\u00f1o especial estimula la curiosidad y brinda la oportunidad de conversar animadamente sobre cantidades, colores y materiales. El mango ergon\u00f3mico garantiza un agarre firme, ideal para desarrollar la motricidad fina de los m\u00e1s peque\u00f1os. Balde con asa de 1,2 litros. Colores surtidos. Precios por unidad.<\/p>\n<p><p><strong>Material : <\/strong> Pl\u00e1stico Resistente<\/p>\n<p><strong>C\u00f3digo Aukinko : <\/strong> 09-51316<\/p>\n<p><strong>C\u00f3digo Convenio Marco : <\/strong> x<\/p>\n","protected":false},"excerpt":{"rendered":"<p>Este balde es un juguete vers\u00e1til que combina juego y aprendizaje de forma divertida y atractiva. Tiene el tama\u00f1o perfecto para las manos de los ni\u00f1os peque\u00f1os: altura 13,5 cm. Fabricado en pl\u00e1stico transparente y duradero, lo que permite a ni\u00f1os y ni\u00f1as observar su contenido y experimentar con diferentes materiales. Este dise\u00f1o especial estimula [&hellip;]<\/p>\n","protected":false},"featured_media":631964,"comment_status":"open","ping_status":"closed","template":"","meta":{"_et_pb_use_builder":"","_et_pb_old_content":"","_et_gb_content_width":""},"product_brand":[],"product_cat":[1005,17],"product_tag":[],"class_list":{"0":"post-631965","1":"product","2":"type-product","3":"status-publish","4":"has-post-thumbnail","6":"product_cat-accesorios-patio","7":"product_cat-juegos-de-rol","8":"pa_edad-2-a-3-anos","9":"pa_edad-3-a-4-anos","10":"pa_edad-4-a-5-anos","11":"pa_edad-5-a-6-anos","12":"pa_edad-6-a-8-anos","13":"pa_edad-8-a-10-anos","14":"pa_marca-dantoy","15":"pa_medidas-4356","16":"pa_medidas-5-x-17-cm","17":"pa_medidas-5-x-18","19":"first","20":"instock","21":"shipping-taxable","22":"purchasable","23":"product-type-simple"},"aioseo_notices":[],"_links":{"self":[{"href":"https:\/\/aukinkochile.com\/web\/wp-json\/wp\/v2\/product\/631965","targetHints":{"allow":["GET"]}}],"collection":[{"href":"https:\/\/aukinkochile.com\/web\/wp-json\/wp\/v2\/product"}],"about":[{"href":"https:\/\/aukinkochile.com\/web\/wp-json\/wp\/v2\/types\/product"}],"replies":[{"embeddable":true,"href":"https:\/\/aukinkochile.com\/web\/wp-json\/wp\/v2\/comments?post=631965"}],"wp:featuredmedia":[{"embeddable":true,"href":"https:\/\/aukinkochile.com\/web\/wp-json\/wp\/v2\/media\/631964"}],"wp:attachment":[{"href":"https:\/\/aukinkochile.com\/web\/wp-json\/wp\/v2\/media?parent=631965"}],"wp:term":[{"taxonomy":"product_brand","embeddable":true,"href":"https:\/\/aukinkochile.com\/web\/wp-json\/wp\/v2\/product_brand?post=631965"},{"taxonomy":"product_cat","embeddable":true,"href":"https:\/\/aukinkochile.com\/web\/wp-json\/wp\/v2\/product_cat?post=631965"},{"taxonomy":"product_tag","embeddable":true,"href":"https:\/\/aukinkochile.com\/web\/wp-json\/wp\/v2\/product_tag?post=631965"}],"curies":[{"name":"wp","href":"https:\/\/api.w.org\/{rel}","templated":true}]}}